{"id":132,"date":"2025-08-10T12:01:32","date_gmt":"2025-08-10T12:01:32","guid":{"rendered":"https:\/\/forest-cargo.codnize.com\/?page_id=132"},"modified":"2025-08-12T17:24:46","modified_gmt":"2025-08-12T17:24:46","slug":"forest-cargorol","status":"publish","type":"page","link":"https:\/\/forest-cargo.codnize.com\/hu\/forest-cargorol\/","title":{"rendered":"Forest Cargor\u00f3l"},"content":{"rendered":"<style>.elementor-132 .elementor-element.elementor-element-33de24f3{--display:flex;--flex-direction:column;--container-widget-width:100%;--container-widget-height:initial;--container-widget-flex-grow:0;--container-widget-align-self:initial;--flex-wrap-mobile:wrap;--overlay-opacity:0.6;--margin-top:-160px;--margin-bottom:0px;--margin-left:0px;--margin-right:0px;--padding-top:220px;--padding-bottom:124px;--padding-left:0px;--padding-right:0px;}.elementor-132 .elementor-element.elementor-element-33de24f3:not(.elementor-motion-effects-element-type-background), .elementor-132 .elementor-element.elementor-element-33de24f3 > .elementor-motion-effects-container > .elementor-motion-effects-layer{background-image:url(\"https:\/\/forest-cargo.codnize.com\/wp-content\/uploads\/2025\/08\/WhatsApp-Image-2025-08-12-at-22.23.14_1af5d6bc.jpg\");background-position:center center;background-repeat:no-repeat;background-size:cover;}.elementor-132 .elementor-element.elementor-element-33de24f3::before, .elementor-132 .elementor-element.elementor-element-33de24f3 > .elementor-background-video-container::before, .elementor-132 .elementor-element.elementor-element-33de24f3 > .e-con-inner > .elementor-background-video-container::before, .elementor-132 .elementor-element.elementor-element-33de24f3 > .elementor-background-slideshow::before, .elementor-132 .elementor-element.elementor-element-33de24f3 > .e-con-inner > .elementor-background-slideshow::before, .elementor-132 .elementor-element.elementor-element-33de24f3 > .elementor-motion-effects-container > .elementor-motion-effects-layer::before{background-color:#000000;--background-overlay:'';}.elementor-widget-heading .elementor-heading-title{font-family:var( --e-global-typography-primary-font-family ), Sans-serif;font-weight:var( --e-global-typography-primary-font-weight );color:var( --e-global-color-primary );}.elementor-132 .elementor-element.elementor-element-5c859193{margin:20px 0px calc(var(--kit-widget-spacing, 0px) + 0px) 0px;padding:30px 0px 0px 0px;text-align:center;}.elementor-132 .elementor-element.elementor-element-5c859193 .elementor-heading-title{font-family:\"Tenor Sans\", Sans-serif;font-size:55px;font-weight:400;color:#FFFFFF;}.elementor-widget-icon-list .elementor-icon-list-item:not(:last-child):after{border-color:var( --e-global-color-text );}.elementor-widget-icon-list .elementor-icon-list-icon i{color:var( --e-global-color-primary );}.elementor-widget-icon-list .elementor-icon-list-icon svg{fill:var( --e-global-color-primary );}.elementor-widget-icon-list .elementor-icon-list-item > .elementor-icon-list-text, .elementor-widget-icon-list .elementor-icon-list-item > a{font-family:var( --e-global-typography-text-font-family ), Sans-serif;font-weight:var( --e-global-typography-text-font-weight );}.elementor-widget-icon-list .elementor-icon-list-text{color:var( --e-global-color-secondary );}.elementor-132 .elementor-element.elementor-element-5d9647ec .elementor-icon-list-icon i{color:#FFFFFF;transition:color 0.3s;}.elementor-132 .elementor-element.elementor-element-5d9647ec .elementor-icon-list-icon svg{fill:#FFFFFF;transition:fill 0.3s;}.elementor-132 .elementor-element.elementor-element-5d9647ec{--e-icon-list-icon-size:14px;--icon-vertical-offset:0px;}.elementor-132 .elementor-element.elementor-element-5d9647ec .elementor-icon-list-item > .elementor-icon-list-text, .elementor-132 .elementor-element.elementor-element-5d9647ec .elementor-icon-list-item > a{font-family:\"Inter\", Sans-serif;font-size:16px;font-weight:400;text-decoration:none;}.elementor-132 .elementor-element.elementor-element-5d9647ec .elementor-icon-list-text{color:#FFFFFF;transition:color 0.3s;}.elementor-132 .elementor-element.elementor-element-2040724{--display:flex;--flex-direction:column;--container-widget-width:100%;--container-widget-height:initial;--container-widget-flex-grow:0;--container-widget-align-self:initial;--flex-wrap-mobile:wrap;--padding-top:100px;--padding-bottom:100px;--padding-left:0px;--padding-right:0px;}.elementor-132 .elementor-element.elementor-element-b46dc9e{--display:flex;}.elementor-132 .elementor-element.elementor-element-5424dde{--display:flex;}.elementor-132 .elementor-element.elementor-element-50c92fc{text-align:center;}.elementor-132 .elementor-element.elementor-element-50c92fc .elementor-heading-title{font-family:\"Tenor Sans\", Sans-serif;font-size:45px;font-weight:400;color:#000000;}.elementor-132 .elementor-element.elementor-element-f66bc45{--display:flex;--flex-direction:row;--container-widget-width:initial;--container-widget-height:100%;--container-widget-flex-grow:1;--container-widget-align-self:stretch;--flex-wrap-mobile:wrap;}.elementor-132 .elementor-element.elementor-element-357740e{--display:flex;--justify-content:flex-start;--align-items:flex-start;--container-widget-width:calc( ( 1 - var( --container-widget-flex-grow ) ) * 100% );}.elementor-widget-text-editor{font-family:var( --e-global-typography-text-font-family ), Sans-serif;font-weight:var( --e-global-typography-text-font-weight );color:var( --e-global-color-text );}.elementor-widget-text-editor.elementor-drop-cap-view-stacked .elementor-drop-cap{background-color:var( --e-global-color-primary );}.elementor-widget-text-editor.elementor-drop-cap-view-framed .elementor-drop-cap, .elementor-widget-text-editor.elementor-drop-cap-view-default .elementor-drop-cap{color:var( --e-global-color-primary );border-color:var( --e-global-color-primary );}.elementor-132 .elementor-element.elementor-element-5f6a486{text-align:left;font-family:\"Inter\", Sans-serif;font-size:18px;font-weight:400;color:#000000;}.elementor-132 .elementor-element.elementor-element-06fb67a{--display:flex;}.elementor-widget-image .widget-image-caption{color:var( --e-global-color-text );font-family:var( --e-global-typography-text-font-family ), Sans-serif;font-weight:var( --e-global-typography-text-font-weight );}.elementor-132 .elementor-element.elementor-element-3f6d5a5 img{height:390px;border-radius:12px 12px 12px 12px;}.elementor-132 .elementor-element.elementor-element-439b4bed{--display:flex;--flex-direction:column;--container-widget-width:100%;--container-widget-height:initial;--container-widget-flex-grow:0;--container-widget-align-self:initial;--flex-wrap-mobile:wrap;--overlay-opacity:0.6;--padding-top:80px;--padding-bottom:80px;--padding-left:0px;--padding-right:0px;}.elementor-132 .elementor-element.elementor-element-439b4bed:not(.elementor-motion-effects-element-type-background), .elementor-132 .elementor-element.elementor-element-439b4bed > .elementor-motion-effects-container > .elementor-motion-effects-layer{background-image:url(\"https:\/\/forest-cargo.codnize.com\/wp-content\/uploads\/2025\/08\/photorealistic-perspective-wood-logs-timber-industry-1-scaled.jpg\");background-position:center left;background-repeat:no-repeat;background-size:cover;}.elementor-132 .elementor-element.elementor-element-439b4bed::before, .elementor-132 .elementor-element.elementor-element-439b4bed > .elementor-background-video-container::before, .elementor-132 .elementor-element.elementor-element-439b4bed > .e-con-inner > .elementor-background-video-container::before, .elementor-132 .elementor-element.elementor-element-439b4bed > .elementor-background-slideshow::before, .elementor-132 .elementor-element.elementor-element-439b4bed > .e-con-inner > .elementor-background-slideshow::before, .elementor-132 .elementor-element.elementor-element-439b4bed > .elementor-motion-effects-container > .elementor-motion-effects-layer::before{background-color:#000000;--background-overlay:'';}.elementor-132 .elementor-element.elementor-element-72b4144c{--display:flex;}.elementor-widget-image-box .elementor-image-box-title{font-family:var( --e-global-typography-primary-font-family ), Sans-serif;font-weight:var( --e-global-typography-primary-font-weight );color:var( --e-global-color-primary );}.elementor-widget-image-box:has(:hover) .elementor-image-box-title,\n\t\t\t\t\t .elementor-widget-image-box:has(:focus) .elementor-image-box-title{color:var( --e-global-color-primary );}.elementor-widget-image-box .elementor-image-box-description{font-family:var( --e-global-typography-text-font-family ), Sans-serif;font-weight:var( --e-global-typography-text-font-weight );color:var( --e-global-color-text );}.elementor-132 .elementor-element.elementor-element-1a3a0cd0{width:var( --container-widget-width, 70% );max-width:70%;padding:0px 0px 0px 0px;--container-widget-width:70%;--container-widget-flex-grow:0;}.elementor-132 .elementor-element.elementor-element-1a3a0cd0.elementor-element{--align-self:center;}.elementor-132 .elementor-element.elementor-element-1a3a0cd0 .elementor-image-box-title{font-family:\"Tenor Sans\", Sans-serif;font-size:50px;font-weight:700;color:var( --e-global-color-astglobalcolor4 );}.elementor-132 .elementor-element.elementor-element-1a3a0cd0:has(:hover) .elementor-image-box-title,\n\t\t\t\t\t .elementor-132 .elementor-element.elementor-element-1a3a0cd0:has(:focus) .elementor-image-box-title{color:#FFFFFF;}.elementor-132 .elementor-element.elementor-element-1a3a0cd0 .elementor-image-box-description{font-family:\"Inter\", Sans-serif;font-size:18px;font-weight:400;color:#F9F9F9;}.elementor-widget-button .elementor-button{background-color:var( --e-global-color-accent );font-family:var( --e-global-typography-accent-font-family ), Sans-serif;font-weight:var( --e-global-typography-accent-font-weight );}.elementor-132 .elementor-element.elementor-element-5fc7ca66 .elementor-button{background-color:#FFFFFF;font-family:\"Tenor Sans\", Sans-serif;font-size:25px;font-weight:700;fill:var( --e-global-color-30abb38 );color:var( --e-global-color-30abb38 );padding:16px 20px 16px 20px;}@media(max-width:1024px){.elementor-132 .elementor-element.elementor-element-5c859193 .elementor-heading-title{font-size:45px;}.elementor-132 .elementor-element.elementor-element-2040724{--padding-top:70px;--padding-bottom:70px;--padding-left:10px;--padding-right:10px;}.elementor-132 .elementor-element.elementor-element-f66bc45{--flex-wrap:wrap;--padding-top:0px;--padding-bottom:0px;--padding-left:0px;--padding-right:0px;}.elementor-132 .elementor-element.elementor-element-5f6a486{text-align:left;}.elementor-132 .elementor-element.elementor-element-06fb67a{--padding-top:0px;--padding-bottom:0px;--padding-left:0px;--padding-right:0px;}.elementor-132 .elementor-element.elementor-element-06fb67a.e-con{--order:-99999 \/* order start hack *\/;}.elementor-132 .elementor-element.elementor-element-3f6d5a5 img{height:400px;}.elementor-132 .elementor-element.elementor-element-1a3a0cd0{--container-widget-width:90%;--container-widget-flex-grow:0;width:var( --container-widget-width, 90% );max-width:90%;}}@media(max-width:767px){.elementor-132 .elementor-element.elementor-element-33de24f3{--padding-top:180px;--padding-bottom:100px;--padding-left:0px;--padding-right:0px;}.elementor-132 .elementor-element.elementor-element-5c859193 .elementor-heading-title{font-size:40px;}.elementor-132 .elementor-element.elementor-element-5d9647ec{--e-icon-list-icon-size:14px;}.elementor-132 .elementor-element.elementor-element-5d9647ec .elementor-icon-list-item > .elementor-icon-list-text, .elementor-132 .elementor-element.elementor-element-5d9647ec .elementor-icon-list-item > a{font-size:14px;}.elementor-132 .elementor-element.elementor-element-2040724{--padding-top:50px;--padding-bottom:50px;--padding-left:20px;--padding-right:20px;}.elementor-132 .elementor-element.elementor-element-b46dc9e{--padding-top:0px;--padding-bottom:0px;--padding-left:0px;--padding-right:0px;}.elementor-132 .elementor-element.elementor-element-5424dde{--padding-top:0px;--padding-bottom:0px;--padding-left:0px;--padding-right:0px;}.elementor-132 .elementor-element.elementor-element-50c92fc{text-align:left;}.elementor-132 .elementor-element.elementor-element-50c92fc .elementor-heading-title{font-size:35px;}.elementor-132 .elementor-element.elementor-element-357740e{--padding-top:0px;--padding-bottom:0px;--padding-left:0px;--padding-right:0px;}.elementor-132 .elementor-element.elementor-element-5f6a486{font-size:16px;}.elementor-132 .elementor-element.elementor-element-3f6d5a5 img{height:300px;object-fit:cover;}.elementor-132 .elementor-element.elementor-element-439b4bed{--padding-top:50px;--padding-bottom:50px;--padding-left:20px;--padding-right:20px;}.elementor-132 .elementor-element.elementor-element-72b4144c{--padding-top:0px;--padding-bottom:0px;--padding-left:0px;--padding-right:0px;}.elementor-132 .elementor-element.elementor-element-1a3a0cd0{width:100%;max-width:100%;}.elementor-132 .elementor-element.elementor-element-1a3a0cd0 .elementor-image-box-wrapper{text-align:left;}.elementor-132 .elementor-element.elementor-element-1a3a0cd0 .elementor-image-box-title{font-size:40px;}.elementor-132 .elementor-element.elementor-element-1a3a0cd0 .elementor-image-box-description{font-size:16px;}.elementor-132 .elementor-element.elementor-element-5fc7ca66 .elementor-button{font-size:20px;}}@media(min-width:768px){.elementor-132 .elementor-element.elementor-element-33de24f3{--content-width:1240px;}.elementor-132 .elementor-element.elementor-element-2040724{--content-width:1240px;}.elementor-132 .elementor-element.elementor-element-357740e{--width:50%;}.elementor-132 .elementor-element.elementor-element-06fb67a{--width:50%;}.elementor-132 .elementor-element.elementor-element-439b4bed{--content-width:1240px;}}@media(max-width:1024px) and (min-width:768px){.elementor-132 .elementor-element.elementor-element-357740e{--width:100%;}.elementor-132 .elementor-element.elementor-element-06fb67a{--width:80%;}}@media(min-width:1025px){.elementor-132 .elementor-element.elementor-element-439b4bed:not(.elementor-motion-effects-element-type-background), .elementor-132 .elementor-element.elementor-element-439b4bed > .elementor-motion-effects-container > .elementor-motion-effects-layer{background-attachment:scroll;}}<\/style>\t\t<div data-elementor-type=\"wp-page\" data-elementor-id=\"132\" class=\"elementor elementor-132\" data-elementor-post-type=\"page\">\n\t\t\t\t<div class=\"elementor-element elementor-element-33de24f3 e-flex e-con-boxed e-con e-parent\" data-id=\"33de24f3\" data-element_type=\"container\" data-settings=\"{&quot;background_background&quot;:&quot;classic&quot;}\">\n\t\t\t\t\t<div class=\"e-con-inner\">\n\t\t\t\t<div class=\"elementor-element elementor-element-5c859193 elementor-widget elementor-widget-heading\" data-id=\"5c859193\" data-element_type=\"widget\" data-widget_type=\"heading.default\">\n\t\t\t\t\t<h2 class=\"elementor-heading-title elementor-size-default\">Forest Cargor\u00f3l\n<\/h2>\t\t\t\t<\/div>\n\t\t\t\t<div class=\"elementor-element elementor-element-5d9647ec elementor-icon-list--layout-inline elementor-align-center elementor-list-item-link-full_width elementor-widget elementor-widget-icon-list\" data-id=\"5d9647ec\" data-element_type=\"widget\" data-widget_type=\"icon-list.default\">\n\t\t\t\t\t\t\t<ul class=\"elementor-icon-list-items elementor-inline-items\">\n\t\t\t\t\t\t\t<li class=\"elementor-icon-list-item elementor-inline-item\">\n\t\t\t\t\t\t\t\t\t\t\t<a href=\"https:\/\/forest-cargo.codnize.com\/\">\n\n\t\t\t\t\t\t\t\t\t\t\t\t<span class=\"elementor-icon-list-icon\">\n\t\t\t\t\t\t\t<i aria-hidden=\"true\" class=\"icon icon-home2\"><\/i>\t\t\t\t\t\t<\/span>\n\t\t\t\t\t\t\t\t\t\t<span class=\"elementor-icon-list-text\">Home<\/span>\n\t\t\t\t\t\t\t\t\t\t\t<\/a>\n\t\t\t\t\t\t\t\t\t<\/li>\n\t\t\t\t\t\t\t\t<li class=\"elementor-icon-list-item elementor-inline-item\">\n\t\t\t\t\t\t\t\t\t\t\t<a href=\"https:\/\/forest-cargo.codnize.com\/forest-cargorol\/\">\n\n\t\t\t\t\t\t\t\t\t\t\t\t<span class=\"elementor-icon-list-icon\">\n\t\t\t\t\t\t\t<i aria-hidden=\"true\" class=\"icon icon-user\"><\/i>\t\t\t\t\t\t<\/span>\n\t\t\t\t\t\t\t\t\t\t<span class=\"elementor-icon-list-text\">Forest Cargor\u00f3l<\/span>\n\t\t\t\t\t\t\t\t\t\t\t<\/a>\n\t\t\t\t\t\t\t\t\t<\/li>\n\t\t\t\t\t\t<\/ul>\n\t\t\t\t\t\t<\/div>\n\t\t\t\t\t<\/div>\n\t\t\t\t<\/div>\n\t\t<div class=\"elementor-element elementor-element-2040724 e-flex e-con-boxed e-con e-parent\" data-id=\"2040724\" data-element_type=\"container\">\n\t\t\t\t\t<div class=\"e-con-inner\">\n\t\t<div class=\"elementor-element elementor-element-b46dc9e e-con-full e-flex e-con e-child\" data-id=\"b46dc9e\" data-element_type=\"container\">\n\t\t<div class=\"elementor-element elementor-element-5424dde e-con-full e-flex e-con e-child\" data-id=\"5424dde\" data-element_type=\"container\">\n\t\t\t\t<div class=\"elementor-element elementor-element-50c92fc elementor-widget elementor-widget-heading\" data-id=\"50c92fc\" data-element_type=\"widget\" data-widget_type=\"heading.default\">\n\t\t\t\t\t<h2 class=\"elementor-heading-title elementor-size-default\">R\u00f3lunk<\/h2>\t\t\t\t<\/div>\n\t\t\t\t<\/div>\n\t\t<div class=\"elementor-element elementor-element-f66bc45 e-con-full e-flex e-con e-child\" data-id=\"f66bc45\" data-element_type=\"container\">\n\t\t<div class=\"elementor-element elementor-element-357740e e-con-full e-flex e-con e-child\" data-id=\"357740e\" data-element_type=\"container\">\n\t\t\t\t<div class=\"elementor-element elementor-element-5f6a486 elementor-widget elementor-widget-text-editor\" data-id=\"5f6a486\" data-element_type=\"widget\" data-widget_type=\"text-editor.default\">\n\t\t\t\t\t\t\t\t\t<p>C\u00e9g\u00fcnk el\u0151dje 2004-ben alakult, \u00e9s az\u00f3ta t\u00f6retlen\u00fcl foglalkozunk faanyag kereskedelemmel, k\u00fcl\u00f6n\u00f6sen a nemesny\u00e1r, hazai ny\u00e1r \u00e9s ak\u00e1c fafajok ter\u00fclet\u00e9n. T\u00f6bb mint egy \u00e9vtizedes tapasztalattal rendelkez\u00fcnk a faiparban, amelynek k\u00f6sz\u00f6nhet\u0151en megb\u00edzhat\u00f3 partnerk\u00e9nt \u00e1llunk \u00fcgyfeleink rendelkez\u00e9s\u00e9re. Saj\u00e1t, korszer\u0171 eszk\u00f6zeinkkel v\u00e9gezz\u00fck a sz\u00e1ll\u00edt\u00e1si feladatokat, ami lehet\u0151v\u00e9 teszi a gyors \u00e9s hat\u00e9kony kiszolg\u00e1l\u00e1st, valamint a rugalmass\u00e1got a megrendel\u0151i ig\u00e9nyekhez igazodva.<\/p><p>C\u00e9g\u00fcnk nemzetk\u00f6zi szinten is akt\u00edv, f\u0151k\u00e9nt Olaszorsz\u00e1gba sz\u00e1ll\u00edtunk faanyagot, ezzel is b\u0151v\u00edtve partnerh\u00e1l\u00f3zatunkat. 2026 folyam\u00e1n telephely\u00fcnk\u00f6n megkezdj\u00fck a raklapelem gy\u00e1rt\u00e1s\u00e1t, ami \u00faj szintre emeli majd term\u00e9kk\u00edn\u00e1latunkat \u00e9s szolg\u00e1ltat\u00e1sainkat.<\/p>\t\t\t\t\t\t\t\t<\/div>\n\t\t\t\t<\/div>\n\t\t<div class=\"elementor-element elementor-element-06fb67a e-con-full e-flex e-con e-child\" data-id=\"06fb67a\" data-element_type=\"container\">\n\t\t\t\t<div class=\"elementor-element elementor-element-3f6d5a5 elementor-widget elementor-widget-image\" data-id=\"3f6d5a5\" data-element_type=\"widget\" data-widget_type=\"image.default\">\n\t\t\t\t\t\t\t\t\t\t\t\t\t\t\t<img fetchpriority=\"high\" decoding=\"async\" width=\"1024\" height=\"683\" src=\"https:\/\/forest-cargo.codnize.com\/wp-content\/uploads\/2025\/08\/industrial-wood-working-factory-with-tree-trunks-ready-be-cut_11zon-1024x683.jpg\" class=\"attachment-large size-large wp-image-429\" alt=\"\" srcset=\"https:\/\/forest-cargo.codnize.com\/wp-content\/uploads\/2025\/08\/industrial-wood-working-factory-with-tree-trunks-ready-be-cut_11zon-1024x683.jpg 1024w, https:\/\/forest-cargo.codnize.com\/wp-content\/uploads\/2025\/08\/industrial-wood-working-factory-with-tree-trunks-ready-be-cut_11zon-300x200.jpg 300w, https:\/\/forest-cargo.codnize.com\/wp-content\/uploads\/2025\/08\/industrial-wood-working-factory-with-tree-trunks-ready-be-cut_11zon-768x513.jpg 768w, https:\/\/forest-cargo.codnize.com\/wp-content\/uploads\/2025\/08\/industrial-wood-working-factory-with-tree-trunks-ready-be-cut_11zon-1536x1025.jpg 1536w, https:\/\/forest-cargo.codnize.com\/wp-content\/uploads\/2025\/08\/industrial-wood-working-factory-with-tree-trunks-ready-be-cut_11zon-2048x1367.jpg 2048w, https:\/\/forest-cargo.codnize.com\/wp-content\/uploads\/2025\/08\/industrial-wood-working-factory-with-tree-trunks-ready-be-cut_11zon-18x12.jpg 18w\" sizes=\"(max-width: 1024px) 100vw, 1024px\" \/>\t\t\t\t\t\t\t\t\t\t\t\t\t\t\t<\/div>\n\t\t\t\t<\/div>\n\t\t\t\t<\/div>\n\t\t\t\t<\/div>\n\t\t\t\t\t<\/div>\n\t\t\t\t<\/div>\n\t\t<div class=\"elementor-element elementor-element-439b4bed e-flex e-con-boxed e-con e-parent\" data-id=\"439b4bed\" data-element_type=\"container\" data-settings=\"{&quot;background_background&quot;:&quot;classic&quot;}\">\n\t\t\t\t\t<div class=\"e-con-inner\">\n\t\t<div class=\"elementor-element elementor-element-72b4144c e-con-full e-flex e-con e-child\" data-id=\"72b4144c\" data-element_type=\"container\">\n\t\t\t\t<div class=\"elementor-element elementor-element-1a3a0cd0 elementor-widget__width-initial elementor-widget-mobile__width-inherit elementor-widget elementor-widget-image-box\" data-id=\"1a3a0cd0\" data-element_type=\"widget\" data-widget_type=\"image-box.default\">\n\t\t\t\t\t<div class=\"elementor-image-box-wrapper\"><div class=\"elementor-image-box-content\"><h3 class=\"elementor-image-box-title\">\u00c9p\u00edts\u00fcnk er\u0151s partners\u00e9get<\/h3><p class=\"elementor-image-box-description\">Min\u0151s\u00e9gi faanyagra vagy megb\u00edzhat\u00f3 raklapelem-megold\u00e1sokra van sz\u00fcks\u00e9ge? T\u00f6bb \u00e9vtizedes tapasztalatunkkal, modern eszk\u00f6zeinkkel \u00e9s nemzetk\u00f6zi jelenl\u00e9t\u00fcnkkel k\u00e9szen \u00e1llunk arra, hogy pontosan az \u00d6n ig\u00e9nyei szerint, hat\u00e1rid\u0151re sz\u00e1ll\u00edtsunk.<\/p><\/div><\/div>\t\t\t\t<\/div>\n\t\t\t\t<div class=\"elementor-element elementor-element-5fc7ca66 elementor-align-center elementor-mobile-align-left elementor-widget elementor-widget-button\" data-id=\"5fc7ca66\" data-element_type=\"widget\" data-widget_type=\"button.default\">\n\t\t\t\t\t\t\t\t\t\t<a class=\"elementor-button elementor-button-link elementor-size-sm\" href=\"https:\/\/forest-cargo.codnize.com\/kapcsolat\/\">\n\t\t\t\t\t\t<span class=\"elementor-button-content-wrapper\">\n\t\t\t\t\t\t\t\t\t<span class=\"elementor-button-text\">Kapcsolat<\/span>\n\t\t\t\t\t<\/span>\n\t\t\t\t\t<\/a>\n\t\t\t\t\t\t\t\t<\/div>\n\t\t\t\t<\/div>\n\t\t\t\t\t<\/div>\n\t\t\t\t<\/div>\n\t\t\t\t<\/div>\n\t\t","protected":false},"excerpt":{"rendered":"<p>Forest Cargor\u00f3l Home Forest Cargor\u00f3l R\u00f3lunk C\u00e9g\u00fcnk el\u0151dje 2004-ben alakult, \u00e9s az\u00f3ta t\u00f6retlen\u00fcl foglalkozunk faanyag kereskedelemmel, k\u00fcl\u00f6n\u00f6sen a nemesny\u00e1r, hazai [&hellip;]<\/p>\n","protected":false},"author":1,"featured_media":0,"parent":0,"menu_order":0,"comment_status":"closed","ping_status":"closed","template":"","meta":{"site-sidebar-layout":"no-sidebar","site-content-layout":"","ast-site-content-layout":"full-width-container","site-content-style":"default","site-sidebar-style":"default","ast-global-header-display":"","ast-banner-title-visibility":"","ast-main-header-display":"","ast-hfb-above-header-display":"","ast-hfb-below-header-display":"","ast-hfb-mobile-header-display":"","site-post-title":"disabled","ast-breadcrumbs-content":"","ast-featured-img":"disabled","footer-sml-layout":"","theme-transparent-header-meta":"default","adv-header-id-meta":"","stick-header-meta":"","header-above-stick-meta":"","header-main-stick-meta":"","header-below-stick-meta":"","astra-migrate-meta-layouts":"set","ast-page-background-enabled":"default","ast-page-background-meta":{"desktop":{"background-color":"var(--ast-global-color-5)","background-image":"","background-repeat":"repeat","background-position":"center center","background-size":"auto","background-attachment":"scroll","background-type":"","background-media":"","overlay-type":"","overlay-color":"","overlay-opacity":"","overlay-gradient":""},"tablet":{"background-color":"","background-image":"","background-repeat":"repeat","background-position":"center center","background-size":"auto","background-attachment":"scroll","background-type":"","background-media":"","overlay-type":"","overlay-color":"","overlay-opacity":"","overlay-gradient":""},"mobile":{"background-color":"","background-image":"","background-repeat":"repeat","background-position":"center center","background-size":"auto","background-attachment":"scroll","background-type":"","background-media":"","overlay-type":"","overlay-color":"","overlay-opacity":"","overlay-gradient":""}},"ast-content-background-meta":{"desktop":{"background-color":"var(--ast-global-color-4)","background-image":"","background-repeat":"repeat","background-position":"center center","background-size":"auto","background-attachment":"scroll","background-type":"","background-media":"","overlay-type":"","overlay-color":"","overlay-opacity":"","overlay-gradient":""},"tablet":{"background-color":"var(--ast-global-color-4)","background-image":"","background-repeat":"repeat","background-position":"center center","background-size":"auto","background-attachment":"scroll","background-type":"","background-media":"","overlay-type":"","overlay-color":"","overlay-opacity":"","overlay-gradient":""},"mobile":{"background-color":"var(--ast-global-color-4)","background-image":"","background-repeat":"repeat","background-position":"center center","background-size":"auto","background-attachment":"scroll","background-type":"","background-media":"","overlay-type":"","overlay-color":"","overlay-opacity":"","overlay-gradient":""}},"footnotes":""},"class_list":["post-132","page","type-page","status-publish","hentry"],"_links":{"self":[{"href":"https:\/\/forest-cargo.codnize.com\/hu\/wp-json\/wp\/v2\/pages\/132","targetHints":{"allow":["GET"]}}],"collection":[{"href":"https:\/\/forest-cargo.codnize.com\/hu\/wp-json\/wp\/v2\/pages"}],"about":[{"href":"https:\/\/forest-cargo.codnize.com\/hu\/wp-json\/wp\/v2\/types\/page"}],"author":[{"embeddable":true,"href":"https:\/\/forest-cargo.codnize.com\/hu\/wp-json\/wp\/v2\/users\/1"}],"replies":[{"embeddable":true,"href":"https:\/\/forest-cargo.codnize.com\/hu\/wp-json\/wp\/v2\/comments?post=132"}],"version-history":[{"count":34,"href":"https:\/\/forest-cargo.codnize.com\/hu\/wp-json\/wp\/v2\/pages\/132\/revisions"}],"predecessor-version":[{"id":665,"href":"https:\/\/forest-cargo.codnize.com\/hu\/wp-json\/wp\/v2\/pages\/132\/revisions\/665"}],"wp:attachment":[{"href":"https:\/\/forest-cargo.codnize.com\/hu\/wp-json\/wp\/v2\/media?parent=132"}],"curies":[{"name":"wp","href":"https:\/\/api.w.org\/{rel}","templated":true}]}}