{"id":140,"date":"2025-08-10T12:02:27","date_gmt":"2025-08-10T12:02:27","guid":{"rendered":"https:\/\/forest-cargo.codnize.com\/?page_id=140"},"modified":"2025-08-12T17:48:29","modified_gmt":"2025-08-12T17:48:29","slug":"raklapelem-gyartas","status":"publish","type":"page","link":"https:\/\/forest-cargo.codnize.com\/hu\/raklapelem-gyartas\/","title":{"rendered":"Raklapelem gy\u00e1rt\u00e1s"},"content":{"rendered":"<style>.elementor-140 .elementor-element.elementor-element-1f39550e{--display:flex;--flex-direction:column;--container-widget-width:100%;--container-widget-height:initial;--container-widget-flex-grow:0;--container-widget-align-self:initial;--flex-wrap-mobile:wrap;--overlay-opacity:0.6;--margin-top:-160px;--margin-bottom:0px;--margin-left:0px;--margin-right:0px;--padding-top:220px;--padding-bottom:124px;--padding-left:0px;--padding-right:0px;}.elementor-140 .elementor-element.elementor-element-1f39550e:not(.elementor-motion-effects-element-type-background), .elementor-140 .elementor-element.elementor-element-1f39550e > .elementor-motion-effects-container > .elementor-motion-effects-layer{background-image:url(\"https:\/\/forest-cargo.codnize.com\/wp-content\/uploads\/2025\/08\/A36CDAFC-19A5-4D18-BD8A-FA34A990BE61-scaled.jpg\");background-position:center center;background-repeat:no-repeat;background-size:cover;}.elementor-140 .elementor-element.elementor-element-1f39550e::before, .elementor-140 .elementor-element.elementor-element-1f39550e > .elementor-background-video-container::before, .elementor-140 .elementor-element.elementor-element-1f39550e > .e-con-inner > .elementor-background-video-container::before, .elementor-140 .elementor-element.elementor-element-1f39550e > .elementor-background-slideshow::before, .elementor-140 .elementor-element.elementor-element-1f39550e > .e-con-inner > .elementor-background-slideshow::before, .elementor-140 .elementor-element.elementor-element-1f39550e > .elementor-motion-effects-container > .elementor-motion-effects-layer::before{background-color:#000000;--background-overlay:'';}.elementor-widget-heading .elementor-heading-title{font-family:var( --e-global-typography-primary-font-family ), Sans-serif;font-weight:var( --e-global-typography-primary-font-weight );color:var( --e-global-color-primary );}.elementor-140 .elementor-element.elementor-element-6b087778{margin:20px 0px calc(var(--kit-widget-spacing, 0px) + 0px) 0px;padding:30px 0px 0px 0px;text-align:center;}.elementor-140 .elementor-element.elementor-element-6b087778 .elementor-heading-title{font-family:\"Tenor Sans\", Sans-serif;font-size:55px;font-weight:400;color:#FFFFFF;}.elementor-widget-icon-list .elementor-icon-list-item:not(:last-child):after{border-color:var( --e-global-color-text );}.elementor-widget-icon-list .elementor-icon-list-icon i{color:var( --e-global-color-primary );}.elementor-widget-icon-list .elementor-icon-list-icon svg{fill:var( --e-global-color-primary );}.elementor-widget-icon-list .elementor-icon-list-item > .elementor-icon-list-text, .elementor-widget-icon-list .elementor-icon-list-item > a{font-family:var( --e-global-typography-text-font-family ), Sans-serif;font-weight:var( --e-global-typography-text-font-weight );}.elementor-widget-icon-list .elementor-icon-list-text{color:var( --e-global-color-secondary );}.elementor-140 .elementor-element.elementor-element-58d3c649 .elementor-icon-list-icon i{color:#FFFFFF;transition:color 0.3s;}.elementor-140 .elementor-element.elementor-element-58d3c649 .elementor-icon-list-icon svg{fill:#FFFFFF;transition:fill 0.3s;}.elementor-140 .elementor-element.elementor-element-58d3c649{--e-icon-list-icon-size:14px;--icon-vertical-offset:0px;}.elementor-140 .elementor-element.elementor-element-58d3c649 .elementor-icon-list-item > .elementor-icon-list-text, .elementor-140 .elementor-element.elementor-element-58d3c649 .elementor-icon-list-item > a{font-family:\"Inter\", Sans-serif;font-size:16px;font-weight:400;text-decoration:none;}.elementor-140 .elementor-element.elementor-element-58d3c649 .elementor-icon-list-text{color:#FFFFFF;transition:color 0.3s;}.elementor-140 .elementor-element.elementor-element-c9105e4{--display:flex;--flex-direction:column;--container-widget-width:100%;--container-widget-height:initial;--container-widget-flex-grow:0;--container-widget-align-self:initial;--flex-wrap-mobile:wrap;--padding-top:100px;--padding-bottom:100px;--padding-left:0px;--padding-right:0px;}.elementor-140 .elementor-element.elementor-element-a168643{--display:flex;}.elementor-140 .elementor-element.elementor-element-dc4fe36{text-align:center;}.elementor-140 .elementor-element.elementor-element-dc4fe36 .elementor-heading-title{font-family:\"Tenor Sans\", Sans-serif;font-size:45px;font-weight:400;color:#000000;}.elementor-140 .elementor-element.elementor-element-3a087d3{border-radius:20px 20px 20px 20px;}.elementor-140 .elementor-element.elementor-element-3a087d3 .elementor-wrapper{--video-aspect-ratio:1.77777;}.elementor-140 .elementor-element.elementor-element-3a087d3 .elementor-custom-embed-play i{color:#000000;font-size:80px;}.elementor-140 .elementor-element.elementor-element-3a087d3 .elementor-custom-embed-play svg{fill:#000000;width:80px;height:80px;}.elementor-140 .elementor-element.elementor-element-be41d9e{border-radius:20px 20px 20px 20px;}.elementor-140 .elementor-element.elementor-element-be41d9e .elementor-wrapper{--video-aspect-ratio:1;}.elementor-140 .elementor-element.elementor-element-be41d9e .elementor-custom-embed-play i{color:#000000;font-size:80px;}.elementor-140 .elementor-element.elementor-element-be41d9e .elementor-custom-embed-play svg{fill:#000000;width:80px;height:80px;}@media(max-width:1024px){.elementor-140 .elementor-element.elementor-element-6b087778 .elementor-heading-title{font-size:45px;}.elementor-140 .elementor-element.elementor-element-c9105e4{--padding-top:70px;--padding-bottom:70px;--padding-left:10px;--padding-right:10px;}}@media(min-width:768px){.elementor-140 .elementor-element.elementor-element-1f39550e{--content-width:1240px;}.elementor-140 .elementor-element.elementor-element-c9105e4{--content-width:1240px;}}@media(min-width:1025px){.elementor-140 .elementor-element.elementor-element-1f39550e:not(.elementor-motion-effects-element-type-background), .elementor-140 .elementor-element.elementor-element-1f39550e > .elementor-motion-effects-container > .elementor-motion-effects-layer{background-attachment:scroll;}}@media(max-width:767px){.elementor-140 .elementor-element.elementor-element-1f39550e{--padding-top:180px;--padding-bottom:100px;--padding-left:0px;--padding-right:0px;}.elementor-140 .elementor-element.elementor-element-6b087778 .elementor-heading-title{font-size:40px;}.elementor-140 .elementor-element.elementor-element-58d3c649{--e-icon-list-icon-size:14px;}.elementor-140 .elementor-element.elementor-element-58d3c649 .elementor-icon-list-item > .elementor-icon-list-text, .elementor-140 .elementor-element.elementor-element-58d3c649 .elementor-icon-list-item > a{font-size:14px;}.elementor-140 .elementor-element.elementor-element-c9105e4{--padding-top:50px;--padding-bottom:50px;--padding-left:20px;--padding-right:20px;}.elementor-140 .elementor-element.elementor-element-dc4fe36 .elementor-heading-title{font-size:25px;}.elementor-140 .elementor-element.elementor-element-be41d9e .elementor-custom-embed-play i{font-size:60px;}.elementor-140 .elementor-element.elementor-element-be41d9e .elementor-custom-embed-play svg{width:60px;height:60px;}}<\/style>\t\t<div data-elementor-type=\"wp-page\" data-elementor-id=\"140\" class=\"elementor elementor-140\" data-elementor-post-type=\"page\">\n\t\t\t\t<div class=\"elementor-element elementor-element-1f39550e e-flex e-con-boxed e-con e-parent\" data-id=\"1f39550e\" data-element_type=\"container\" data-settings=\"{&quot;background_background&quot;:&quot;classic&quot;}\">\n\t\t\t\t\t<div class=\"e-con-inner\">\n\t\t\t\t<div class=\"elementor-element elementor-element-6b087778 elementor-widget elementor-widget-heading\" data-id=\"6b087778\" data-element_type=\"widget\" data-widget_type=\"heading.default\">\n\t\t\t\t\t<h2 class=\"elementor-heading-title elementor-size-default\">Raklapelem gy\u00e1rt\u00e1s<\/h2>\t\t\t\t<\/div>\n\t\t\t\t<div class=\"elementor-element elementor-element-58d3c649 elementor-icon-list--layout-inline elementor-align-center elementor-list-item-link-full_width elementor-widget elementor-widget-icon-list\" data-id=\"58d3c649\" data-element_type=\"widget\" data-widget_type=\"icon-list.default\">\n\t\t\t\t\t\t\t<ul class=\"elementor-icon-list-items elementor-inline-items\">\n\t\t\t\t\t\t\t<li class=\"elementor-icon-list-item elementor-inline-item\">\n\t\t\t\t\t\t\t\t\t\t\t<a href=\"https:\/\/forest-cargo.codnize.com\/\">\n\n\t\t\t\t\t\t\t\t\t\t\t\t<span class=\"elementor-icon-list-icon\">\n\t\t\t\t\t\t\t<i aria-hidden=\"true\" class=\"icon icon-home2\"><\/i>\t\t\t\t\t\t<\/span>\n\t\t\t\t\t\t\t\t\t\t<span class=\"elementor-icon-list-text\">Home<\/span>\n\t\t\t\t\t\t\t\t\t\t\t<\/a>\n\t\t\t\t\t\t\t\t\t<\/li>\n\t\t\t\t\t\t\t\t<li class=\"elementor-icon-list-item elementor-inline-item\">\n\t\t\t\t\t\t\t\t\t\t\t<a href=\"https:\/\/forest-cargo.codnize.com\/kapcsolat\/\">\n\n\t\t\t\t\t\t\t\t\t\t\t\t<span class=\"elementor-icon-list-icon\">\n\t\t\t\t\t\t\t<i aria-hidden=\"true\" class=\"jki jki-phone-call-light\"><\/i>\t\t\t\t\t\t<\/span>\n\t\t\t\t\t\t\t\t\t\t<span class=\"elementor-icon-list-text\">Kapcsolat<\/span>\n\t\t\t\t\t\t\t\t\t\t\t<\/a>\n\t\t\t\t\t\t\t\t\t<\/li>\n\t\t\t\t\t\t<\/ul>\n\t\t\t\t\t\t<\/div>\n\t\t\t\t\t<\/div>\n\t\t\t\t<\/div>\n\t\t<div class=\"elementor-element elementor-element-c9105e4 e-flex e-con-boxed e-con e-parent\" data-id=\"c9105e4\" data-element_type=\"container\">\n\t\t\t\t\t<div class=\"e-con-inner\">\n\t\t<div class=\"elementor-element elementor-element-a168643 e-con-full e-flex e-con e-child\" data-id=\"a168643\" data-element_type=\"container\">\n\t\t\t\t<div class=\"elementor-element elementor-element-dc4fe36 elementor-widget elementor-widget-heading\" data-id=\"dc4fe36\" data-element_type=\"widget\" data-widget_type=\"heading.default\">\n\t\t\t\t\t<h2 class=\"elementor-heading-title elementor-size-default\">Jelenleg a g\u00e9p beszerz\u00e9se folyamatban van. Tervek szerint 2026 k\u00f6zep\u00e9n val\u00f3sul meg.\n<\/h2>\t\t\t\t<\/div>\n\t\t\t\t<div class=\"elementor-element elementor-element-3a087d3 elementor-hidden-mobile elementor-widget elementor-widget-video\" data-id=\"3a087d3\" data-element_type=\"widget\" data-settings=\"{&quot;youtube_url&quot;:&quot;https:\\\/\\\/youtu.be\\\/vX8EGsz82Ec&quot;,&quot;loop&quot;:&quot;yes&quot;,&quot;yt_privacy&quot;:&quot;yes&quot;,&quot;lazy_load&quot;:&quot;yes&quot;,&quot;show_image_overlay&quot;:&quot;yes&quot;,&quot;image_overlay&quot;:{&quot;url&quot;:&quot;https:\\\/\\\/forest-cargo.codnize.com\\\/wp-content\\\/uploads\\\/2025\\\/08\\\/maxresdefault.jpg&quot;,&quot;id&quot;:642,&quot;size&quot;:&quot;&quot;,&quot;alt&quot;:&quot;&quot;,&quot;source&quot;:&quot;library&quot;},&quot;video_type&quot;:&quot;youtube&quot;,&quot;controls&quot;:&quot;yes&quot;}\" data-widget_type=\"video.default\">\n\t\t\t\t\t\t\t<div class=\"elementor-wrapper elementor-open-inline\">\n\t\t\t<div class=\"elementor-video\"><\/div>\t\t\t\t<div class=\"elementor-custom-embed-image-overlay\" style=\"background-image: url(https:\/\/forest-cargo.codnize.com\/wp-content\/uploads\/2025\/08\/maxresdefault.jpg);\">\n\t\t\t\t\t\t\t\t\t\t\t\t\t\t\t\t<div class=\"elementor-custom-embed-play\" role=\"button\" aria-label=\"Vide\u00f3 lej\u00e1tsz\u00e1sa\" tabindex=\"0\">\n\t\t\t\t\t\t\t<svg aria-hidden=\"true\" class=\"e-font-icon-svg e-eicon-play\" viewBox=\"0 0 1000 1000\" xmlns=\"http:\/\/www.w3.org\/2000\/svg\"><path d=\"M838 162C746 71 633 25 500 25 371 25 258 71 163 162 71 254 25 367 25 500 25 633 71 746 163 837 254 929 367 979 500 979 633 979 746 933 838 837 929 746 975 633 975 500 975 367 929 254 838 162M808 192C892 279 933 379 933 500 933 621 892 725 808 808 725 892 621 938 500 938 379 938 279 896 196 808 113 725 67 621 67 500 67 379 108 279 196 192 279 108 383 62 500 62 621 62 721 108 808 192M438 392V642L642 517 438 392Z\"><\/path><\/svg>\t\t\t\t\t\t<\/div>\n\t\t\t\t\t\t\t\t\t<\/div>\n\t\t\t\t\t<\/div>\n\t\t\t\t\t\t<\/div>\n\t\t\t\t<div class=\"elementor-element elementor-element-be41d9e elementor-hidden-desktop elementor-hidden-tablet elementor-widget elementor-widget-video\" data-id=\"be41d9e\" data-element_type=\"widget\" data-settings=\"{&quot;youtube_url&quot;:&quot;https:\\\/\\\/youtu.be\\\/vX8EGsz82Ec&quot;,&quot;loop&quot;:&quot;yes&quot;,&quot;yt_privacy&quot;:&quot;yes&quot;,&quot;lazy_load&quot;:&quot;yes&quot;,&quot;show_image_overlay&quot;:&quot;yes&quot;,&quot;image_overlay&quot;:{&quot;url&quot;:&quot;https:\\\/\\\/forest-cargo.codnize.com\\\/wp-content\\\/uploads\\\/2025\\\/08\\\/maxresdefault.jpg&quot;,&quot;id&quot;:642,&quot;size&quot;:&quot;&quot;,&quot;alt&quot;:&quot;&quot;,&quot;source&quot;:&quot;library&quot;},&quot;video_type&quot;:&quot;youtube&quot;,&quot;controls&quot;:&quot;yes&quot;}\" data-widget_type=\"video.default\">\n\t\t\t\t\t\t\t<div class=\"elementor-wrapper elementor-open-inline\">\n\t\t\t<div class=\"elementor-video\"><\/div>\t\t\t\t<div class=\"elementor-custom-embed-image-overlay\" style=\"background-image: url(https:\/\/forest-cargo.codnize.com\/wp-content\/uploads\/2025\/08\/maxresdefault.jpg);\">\n\t\t\t\t\t\t\t\t\t\t\t\t\t\t\t\t<div class=\"elementor-custom-embed-play\" role=\"button\" aria-label=\"Vide\u00f3 lej\u00e1tsz\u00e1sa\" tabindex=\"0\">\n\t\t\t\t\t\t\t<svg aria-hidden=\"true\" class=\"e-font-icon-svg e-eicon-play\" viewBox=\"0 0 1000 1000\" xmlns=\"http:\/\/www.w3.org\/2000\/svg\"><path d=\"M838 162C746 71 633 25 500 25 371 25 258 71 163 162 71 254 25 367 25 500 25 633 71 746 163 837 254 929 367 979 500 979 633 979 746 933 838 837 929 746 975 633 975 500 975 367 929 254 838 162M808 192C892 279 933 379 933 500 933 621 892 725 808 808 725 892 621 938 500 938 379 938 279 896 196 808 113 725 67 621 67 500 67 379 108 279 196 192 279 108 383 62 500 62 621 62 721 108 808 192M438 392V642L642 517 438 392Z\"><\/path><\/svg>\t\t\t\t\t\t<\/div>\n\t\t\t\t\t\t\t\t\t<\/div>\n\t\t\t\t\t<\/div>\n\t\t\t\t\t\t<\/div>\n\t\t\t\t<\/div>\n\t\t\t\t\t<\/div>\n\t\t\t\t<\/div>\n\t\t\t\t<\/div>\n\t\t","protected":false},"excerpt":{"rendered":"<p>Raklapelem gy\u00e1rt\u00e1s Home Kapcsolat Jelenleg a g\u00e9p beszerz\u00e9se folyamatban van. Tervek szerint 2026 k\u00f6zep\u00e9n val\u00f3sul meg. https:\/\/youtu.be\/vX8EGsz82Echttps:\/\/youtu.be\/vX8EGsz82Ec<\/p>\n","protected":false},"author":1,"featured_media":0,"parent":0,"menu_order":0,"comment_status":"closed","ping_status":"closed","template":"","meta":{"site-sidebar-layout":"no-sidebar","site-content-layout":"","ast-site-content-layout":"full-width-container","site-content-style":"default","site-sidebar-style":"default","ast-global-header-display":"","ast-banner-title-visibility":"","ast-main-header-display":"","ast-hfb-above-header-display":"","ast-hfb-below-header-display":"","ast-hfb-mobile-header-display":"","site-post-title":"disabled","ast-breadcrumbs-content":"","ast-featured-img":"disabled","footer-sml-layout":"","theme-transparent-header-meta":"default","adv-header-id-meta":"","stick-header-meta":"","header-above-stick-meta":"","header-main-stick-meta":"","header-below-stick-meta":"","astra-migrate-meta-layouts":"set","ast-page-background-enabled":"default","ast-page-background-meta":{"desktop":{"background-color":"var(--ast-global-color-5)","background-image":"","background-repeat":"repeat","background-position":"center center","background-size":"auto","background-attachment":"scroll","background-type":"","background-media":"","overlay-type":"","overlay-color":"","overlay-opacity":"","overlay-gradient":""},"tablet":{"background-color":"","background-image":"","background-repeat":"repeat","background-position":"center center","background-size":"auto","background-attachment":"scroll","background-type":"","background-media":"","overlay-type":"","overlay-color":"","overlay-opacity":"","overlay-gradient":""},"mobile":{"background-color":"","background-image":"","background-repeat":"repeat","background-position":"center center","background-size":"auto","background-attachment":"scroll","background-type":"","background-media":"","overlay-type":"","overlay-color":"","overlay-opacity":"","overlay-gradient":""}},"ast-content-background-meta":{"desktop":{"background-color":"var(--ast-global-color-4)","background-image":"","background-repeat":"repeat","background-position":"center center","background-size":"auto","background-attachment":"scroll","background-type":"","background-media":"","overlay-type":"","overlay-color":"","overlay-opacity":"","overlay-gradient":""},"tablet":{"background-color":"var(--ast-global-color-4)","background-image":"","background-repeat":"repeat","background-position":"center center","background-size":"auto","background-attachment":"scroll","background-type":"","background-media":"","overlay-type":"","overlay-color":"","overlay-opacity":"","overlay-gradient":""},"mobile":{"background-color":"var(--ast-global-color-4)","background-image":"","background-repeat":"repeat","background-position":"center center","background-size":"auto","background-attachment":"scroll","background-type":"","background-media":"","overlay-type":"","overlay-color":"","overlay-opacity":"","overlay-gradient":""}},"footnotes":""},"class_list":["post-140","page","type-page","status-publish","hentry"],"_links":{"self":[{"href":"https:\/\/forest-cargo.codnize.com\/hu\/wp-json\/wp\/v2\/pages\/140","targetHints":{"allow":["GET"]}}],"collection":[{"href":"https:\/\/forest-cargo.codnize.com\/hu\/wp-json\/wp\/v2\/pages"}],"about":[{"href":"https:\/\/forest-cargo.codnize.com\/hu\/wp-json\/wp\/v2\/types\/page"}],"author":[{"embeddable":true,"href":"https:\/\/forest-cargo.codnize.com\/hu\/wp-json\/wp\/v2\/users\/1"}],"replies":[{"embeddable":true,"href":"https:\/\/forest-cargo.codnize.com\/hu\/wp-json\/wp\/v2\/comments?post=140"}],"version-history":[{"count":25,"href":"https:\/\/forest-cargo.codnize.com\/hu\/wp-json\/wp\/v2\/pages\/140\/revisions"}],"predecessor-version":[{"id":685,"href":"https:\/\/forest-cargo.codnize.com\/hu\/wp-json\/wp\/v2\/pages\/140\/revisions\/685"}],"wp:attachment":[{"href":"https:\/\/forest-cargo.codnize.com\/hu\/wp-json\/wp\/v2\/media?parent=140"}],"curies":[{"name":"wp","href":"https:\/\/api.w.org\/{rel}","templated":true}]}}