{"id":144,"date":"2025-08-10T12:02:54","date_gmt":"2025-08-10T12:02:54","guid":{"rendered":"https:\/\/forest-cargo.codnize.com\/?page_id=144"},"modified":"2025-08-12T17:49:29","modified_gmt":"2025-08-12T17:49:29","slug":"fuvarozas","status":"publish","type":"page","link":"https:\/\/forest-cargo.codnize.com\/hu\/fuvarozas\/","title":{"rendered":"Fuvaroz\u00e1s"},"content":{"rendered":"<style>.elementor-144 .elementor-element.elementor-element-6716428d{--display:flex;--flex-direction:column;--container-widget-width:100%;--container-widget-height:initial;--container-widget-flex-grow:0;--container-widget-align-self:initial;--flex-wrap-mobile:wrap;--overlay-opacity:0.6;--margin-top:-160px;--margin-bottom:0px;--margin-left:0px;--margin-right:0px;--padding-top:220px;--padding-bottom:124px;--padding-left:0px;--padding-right:0px;}.elementor-144 .elementor-element.elementor-element-6716428d:not(.elementor-motion-effects-element-type-background), .elementor-144 .elementor-element.elementor-element-6716428d > .elementor-motion-effects-container > .elementor-motion-effects-layer{background-image:url(\"https:\/\/forest-cargo.codnize.com\/wp-content\/uploads\/2025\/08\/IMG_1916.jpg\");background-position:center center;background-repeat:no-repeat;background-size:cover;}.elementor-144 .elementor-element.elementor-element-6716428d::before, .elementor-144 .elementor-element.elementor-element-6716428d > .elementor-background-video-container::before, .elementor-144 .elementor-element.elementor-element-6716428d > .e-con-inner > .elementor-background-video-container::before, .elementor-144 .elementor-element.elementor-element-6716428d > .elementor-background-slideshow::before, .elementor-144 .elementor-element.elementor-element-6716428d > .e-con-inner > .elementor-background-slideshow::before, .elementor-144 .elementor-element.elementor-element-6716428d > .elementor-motion-effects-container > .elementor-motion-effects-layer::before{background-color:#000000;--background-overlay:'';}.elementor-widget-heading .elementor-heading-title{font-family:var( --e-global-typography-primary-font-family ), Sans-serif;font-weight:var( --e-global-typography-primary-font-weight );color:var( --e-global-color-primary );}.elementor-144 .elementor-element.elementor-element-5375feff{margin:20px 0px calc(var(--kit-widget-spacing, 0px) + 0px) 0px;padding:30px 0px 0px 0px;text-align:center;}.elementor-144 .elementor-element.elementor-element-5375feff .elementor-heading-title{font-family:\"Tenor Sans\", Sans-serif;font-size:55px;font-weight:400;color:#FFFFFF;}.elementor-widget-icon-list .elementor-icon-list-item:not(:last-child):after{border-color:var( --e-global-color-text );}.elementor-widget-icon-list .elementor-icon-list-icon i{color:var( --e-global-color-primary );}.elementor-widget-icon-list .elementor-icon-list-icon svg{fill:var( --e-global-color-primary );}.elementor-widget-icon-list .elementor-icon-list-item > .elementor-icon-list-text, .elementor-widget-icon-list .elementor-icon-list-item > a{font-family:var( --e-global-typography-text-font-family ), Sans-serif;font-weight:var( --e-global-typography-text-font-weight );}.elementor-widget-icon-list .elementor-icon-list-text{color:var( --e-global-color-secondary );}.elementor-144 .elementor-element.elementor-element-310fd902 .elementor-icon-list-icon i{color:#FFFFFF;transition:color 0.3s;}.elementor-144 .elementor-element.elementor-element-310fd902 .elementor-icon-list-icon svg{fill:#FFFFFF;transition:fill 0.3s;}.elementor-144 .elementor-element.elementor-element-310fd902{--e-icon-list-icon-size:14px;--icon-vertical-offset:0px;}.elementor-144 .elementor-element.elementor-element-310fd902 .elementor-icon-list-item > .elementor-icon-list-text, .elementor-144 .elementor-element.elementor-element-310fd902 .elementor-icon-list-item > a{font-family:\"Inter\", Sans-serif;font-size:16px;font-weight:400;text-decoration:none;}.elementor-144 .elementor-element.elementor-element-310fd902 .elementor-icon-list-text{color:#FFFFFF;transition:color 0.3s;}.elementor-144 .elementor-element.elementor-element-1b343a9{--display:flex;--flex-direction:column;--container-widget-width:100%;--container-widget-height:initial;--container-widget-flex-grow:0;--container-widget-align-self:initial;--flex-wrap-mobile:wrap;--padding-top:100px;--padding-bottom:100px;--padding-left:0px;--padding-right:0px;}.elementor-144 .elementor-element.elementor-element-694d049{--display:flex;}.elementor-144 .elementor-element.elementor-element-c3dc6d6{text-align:center;}.elementor-144 .elementor-element.elementor-element-c3dc6d6 .elementor-heading-title{font-family:\"Tenor Sans\", Sans-serif;font-size:45px;font-weight:400;color:#000000;}.elementor-144 .elementor-element.elementor-element-8e1c81c{--display:flex;--flex-direction:row;--container-widget-width:initial;--container-widget-height:100%;--container-widget-flex-grow:1;--container-widget-align-self:stretch;--flex-wrap-mobile:wrap;}.elementor-144 .elementor-element.elementor-element-5416b5a{--display:flex;}.elementor-widget-text-editor{font-family:var( --e-global-typography-text-font-family ), Sans-serif;font-weight:var( --e-global-typography-text-font-weight );color:var( --e-global-color-text );}.elementor-widget-text-editor.elementor-drop-cap-view-stacked .elementor-drop-cap{background-color:var( --e-global-color-primary );}.elementor-widget-text-editor.elementor-drop-cap-view-framed .elementor-drop-cap, .elementor-widget-text-editor.elementor-drop-cap-view-default .elementor-drop-cap{color:var( --e-global-color-primary );border-color:var( --e-global-color-primary );}.elementor-144 .elementor-element.elementor-element-3ff0918{font-family:\"Inter\", Sans-serif;font-size:18px;font-weight:400;color:#000000;}.elementor-144 .elementor-element.elementor-element-e7bd2ae{--display:flex;--justify-content:center;}.elementor-widget-image .widget-image-caption{color:var( --e-global-color-text );font-family:var( --e-global-typography-text-font-family ), Sans-serif;font-weight:var( --e-global-typography-text-font-weight );}.elementor-144 .elementor-element.elementor-element-d5c459d img{height:300px;object-fit:cover;object-position:center center;border-radius:12px 12px 12px 12px;}.elementor-144 .elementor-element.elementor-element-32a6b49e{--display:flex;--flex-direction:column;--container-widget-width:100%;--container-widget-height:initial;--container-widget-flex-grow:0;--container-widget-align-self:initial;--flex-wrap-mobile:wrap;--overlay-opacity:0.6;--padding-top:80px;--padding-bottom:80px;--padding-left:0px;--padding-right:0px;}.elementor-144 .elementor-element.elementor-element-32a6b49e:not(.elementor-motion-effects-element-type-background), .elementor-144 .elementor-element.elementor-element-32a6b49e > .elementor-motion-effects-container > .elementor-motion-effects-layer{background-image:url(\"https:\/\/forest-cargo.codnize.com\/wp-content\/uploads\/2025\/08\/photorealistic-perspective-wood-logs-timber-industry-1-scaled.jpg\");background-position:center left;background-repeat:no-repeat;background-size:cover;}.elementor-144 .elementor-element.elementor-element-32a6b49e::before, .elementor-144 .elementor-element.elementor-element-32a6b49e > .elementor-background-video-container::before, .elementor-144 .elementor-element.elementor-element-32a6b49e > .e-con-inner > .elementor-background-video-container::before, .elementor-144 .elementor-element.elementor-element-32a6b49e > .elementor-background-slideshow::before, .elementor-144 .elementor-element.elementor-element-32a6b49e > .e-con-inner > .elementor-background-slideshow::before, .elementor-144 .elementor-element.elementor-element-32a6b49e > .elementor-motion-effects-container > .elementor-motion-effects-layer::before{background-color:#000000;--background-overlay:'';}.elementor-144 .elementor-element.elementor-element-79b736b9{--display:flex;}.elementor-widget-image-box .elementor-image-box-title{font-family:var( --e-global-typography-primary-font-family ), Sans-serif;font-weight:var( --e-global-typography-primary-font-weight );color:var( --e-global-color-primary );}.elementor-widget-image-box:has(:hover) .elementor-image-box-title,\n\t\t\t\t\t .elementor-widget-image-box:has(:focus) .elementor-image-box-title{color:var( --e-global-color-primary );}.elementor-widget-image-box .elementor-image-box-description{font-family:var( --e-global-typography-text-font-family ), Sans-serif;font-weight:var( --e-global-typography-text-font-weight );color:var( --e-global-color-text );}.elementor-144 .elementor-element.elementor-element-74a38657{width:var( --container-widget-width, 70% );max-width:70%;padding:0px 0px 0px 0px;--container-widget-width:70%;--container-widget-flex-grow:0;}.elementor-144 .elementor-element.elementor-element-74a38657.elementor-element{--align-self:center;}.elementor-144 .elementor-element.elementor-element-74a38657 .elementor-image-box-title{font-family:\"Tenor Sans\", Sans-serif;font-size:50px;font-weight:700;color:var( --e-global-color-astglobalcolor4 );}.elementor-144 .elementor-element.elementor-element-74a38657:has(:hover) .elementor-image-box-title,\n\t\t\t\t\t .elementor-144 .elementor-element.elementor-element-74a38657:has(:focus) .elementor-image-box-title{color:#FFFFFF;}.elementor-144 .elementor-element.elementor-element-74a38657 .elementor-image-box-description{font-family:\"Inter\", Sans-serif;font-size:18px;font-weight:400;color:#F9F9F9;}.elementor-widget-button .elementor-button{background-color:var( --e-global-color-accent );font-family:var( --e-global-typography-accent-font-family ), Sans-serif;font-weight:var( --e-global-typography-accent-font-weight );}.elementor-144 .elementor-element.elementor-element-143144c2 .elementor-button{background-color:#FFFFFF;font-family:\"Tenor Sans\", Sans-serif;font-size:25px;font-weight:700;fill:var( --e-global-color-30abb38 );color:var( --e-global-color-30abb38 );padding:16px 20px 16px 20px;}@media(max-width:1024px){.elementor-144 .elementor-element.elementor-element-5375feff .elementor-heading-title{font-size:45px;}.elementor-144 .elementor-element.elementor-element-1b343a9{--padding-top:70px;--padding-bottom:70px;--padding-left:10px;--padding-right:10px;}.elementor-144 .elementor-element.elementor-element-8e1c81c{--padding-top:0px;--padding-bottom:0px;--padding-left:0px;--padding-right:0px;}.elementor-144 .elementor-element.elementor-element-3ff0918{text-align:left;}.elementor-144 .elementor-element.elementor-element-e7bd2ae{--justify-content:flex-start;}.elementor-144 .elementor-element.elementor-element-d5c459d img{height:500px;}.elementor-144 .elementor-element.elementor-element-74a38657{--container-widget-width:90%;--container-widget-flex-grow:0;width:var( --container-widget-width, 90% );max-width:90%;}}@media(min-width:768px){.elementor-144 .elementor-element.elementor-element-6716428d{--content-width:1240px;}.elementor-144 .elementor-element.elementor-element-1b343a9{--content-width:1240px;}.elementor-144 .elementor-element.elementor-element-5416b5a{--width:50%;}.elementor-144 .elementor-element.elementor-element-e7bd2ae{--width:50%;}.elementor-144 .elementor-element.elementor-element-32a6b49e{--content-width:1240px;}}@media(min-width:1025px){.elementor-144 .elementor-element.elementor-element-6716428d:not(.elementor-motion-effects-element-type-background), .elementor-144 .elementor-element.elementor-element-6716428d > .elementor-motion-effects-container > .elementor-motion-effects-layer{background-attachment:scroll;}.elementor-144 .elementor-element.elementor-element-32a6b49e:not(.elementor-motion-effects-element-type-background), .elementor-144 .elementor-element.elementor-element-32a6b49e > .elementor-motion-effects-container > .elementor-motion-effects-layer{background-attachment:scroll;}}@media(max-width:767px){.elementor-144 .elementor-element.elementor-element-6716428d{--padding-top:180px;--padding-bottom:100px;--padding-left:0px;--padding-right:0px;}.elementor-144 .elementor-element.elementor-element-5375feff .elementor-heading-title{font-size:40px;}.elementor-144 .elementor-element.elementor-element-310fd902{--e-icon-list-icon-size:14px;}.elementor-144 .elementor-element.elementor-element-310fd902 .elementor-icon-list-item > .elementor-icon-list-text, .elementor-144 .elementor-element.elementor-element-310fd902 .elementor-icon-list-item > a{font-size:14px;}.elementor-144 .elementor-element.elementor-element-1b343a9{--padding-top:50px;--padding-bottom:50px;--padding-left:20px;--padding-right:20px;}.elementor-144 .elementor-element.elementor-element-694d049{--padding-top:0px;--padding-bottom:0px;--padding-left:0px;--padding-right:0px;}.elementor-144 .elementor-element.elementor-element-c3dc6d6{text-align:left;}.elementor-144 .elementor-element.elementor-element-c3dc6d6 .elementor-heading-title{font-size:35px;}.elementor-144 .elementor-element.elementor-element-5416b5a{--padding-top:0px;--padding-bottom:0px;--padding-left:0px;--padding-right:0px;}.elementor-144 .elementor-element.elementor-element-3ff0918{font-size:16px;}.elementor-144 .elementor-element.elementor-element-e7bd2ae{--padding-top:0px;--padding-bottom:0px;--padding-left:0px;--padding-right:0px;}.elementor-144 .elementor-element.elementor-element-e7bd2ae.e-con{--order:-99999 \/* order start hack *\/;}.elementor-144 .elementor-element.elementor-element-d5c459d img{height:300px;}.elementor-144 .elementor-element.elementor-element-32a6b49e{--padding-top:50px;--padding-bottom:50px;--padding-left:20px;--padding-right:20px;}.elementor-144 .elementor-element.elementor-element-79b736b9{--padding-top:0px;--padding-bottom:0px;--padding-left:0px;--padding-right:0px;}.elementor-144 .elementor-element.elementor-element-74a38657{width:100%;max-width:100%;}.elementor-144 .elementor-element.elementor-element-74a38657 .elementor-image-box-wrapper{text-align:left;}.elementor-144 .elementor-element.elementor-element-74a38657 .elementor-image-box-title{font-size:40px;}.elementor-144 .elementor-element.elementor-element-74a38657 .elementor-image-box-description{font-size:16px;}.elementor-144 .elementor-element.elementor-element-143144c2 .elementor-button{font-size:20px;}}<\/style>\t\t<div data-elementor-type=\"wp-page\" data-elementor-id=\"144\" class=\"elementor elementor-144\" data-elementor-post-type=\"page\">\n\t\t\t\t<div class=\"elementor-element elementor-element-6716428d e-flex e-con-boxed e-con e-parent\" data-id=\"6716428d\" data-element_type=\"container\" data-settings=\"{&quot;background_background&quot;:&quot;classic&quot;}\">\n\t\t\t\t\t<div class=\"e-con-inner\">\n\t\t\t\t<div class=\"elementor-element elementor-element-5375feff elementor-widget elementor-widget-heading\" data-id=\"5375feff\" data-element_type=\"widget\" data-widget_type=\"heading.default\">\n\t\t\t\t\t<h2 class=\"elementor-heading-title elementor-size-default\">Fuvaroz\u00e1s<\/h2>\t\t\t\t<\/div>\n\t\t\t\t<div class=\"elementor-element elementor-element-310fd902 elementor-icon-list--layout-inline elementor-align-center elementor-list-item-link-full_width elementor-widget elementor-widget-icon-list\" data-id=\"310fd902\" data-element_type=\"widget\" data-widget_type=\"icon-list.default\">\n\t\t\t\t\t\t\t<ul class=\"elementor-icon-list-items elementor-inline-items\">\n\t\t\t\t\t\t\t<li class=\"elementor-icon-list-item elementor-inline-item\">\n\t\t\t\t\t\t\t\t\t\t\t<a href=\"https:\/\/forest-cargo.codnize.com\/\">\n\n\t\t\t\t\t\t\t\t\t\t\t\t<span class=\"elementor-icon-list-icon\">\n\t\t\t\t\t\t\t<i aria-hidden=\"true\" class=\"icon icon-home2\"><\/i>\t\t\t\t\t\t<\/span>\n\t\t\t\t\t\t\t\t\t\t<span class=\"elementor-icon-list-text\">Home<\/span>\n\t\t\t\t\t\t\t\t\t\t\t<\/a>\n\t\t\t\t\t\t\t\t\t<\/li>\n\t\t\t\t\t\t\t\t<li class=\"elementor-icon-list-item elementor-inline-item\">\n\t\t\t\t\t\t\t\t\t\t\t<a href=\"https:\/\/forest-cargo.codnize.com\/kapcsolat\/\">\n\n\t\t\t\t\t\t\t\t\t\t\t\t<span class=\"elementor-icon-list-icon\">\n\t\t\t\t\t\t\t<i aria-hidden=\"true\" class=\"jki jki-phone-call-light\"><\/i>\t\t\t\t\t\t<\/span>\n\t\t\t\t\t\t\t\t\t\t<span class=\"elementor-icon-list-text\">Kapcsolat<\/span>\n\t\t\t\t\t\t\t\t\t\t\t<\/a>\n\t\t\t\t\t\t\t\t\t<\/li>\n\t\t\t\t\t\t<\/ul>\n\t\t\t\t\t\t<\/div>\n\t\t\t\t\t<\/div>\n\t\t\t\t<\/div>\n\t\t<div class=\"elementor-element elementor-element-1b343a9 e-flex e-con-boxed e-con e-parent\" data-id=\"1b343a9\" data-element_type=\"container\">\n\t\t\t\t\t<div class=\"e-con-inner\">\n\t\t<div class=\"elementor-element elementor-element-694d049 e-con-full e-flex e-con e-child\" data-id=\"694d049\" data-element_type=\"container\">\n\t\t\t\t<div class=\"elementor-element elementor-element-c3dc6d6 elementor-widget elementor-widget-heading\" data-id=\"c3dc6d6\" data-element_type=\"widget\" data-widget_type=\"heading.default\">\n\t\t\t\t\t<h2 class=\"elementor-heading-title elementor-size-default\">Sz\u00e1ll\u00edt\u00e1s<\/h2>\t\t\t\t<\/div>\n\t\t\t\t<\/div>\n\t\t<div class=\"elementor-element elementor-element-8e1c81c e-con-full e-flex e-con e-child\" data-id=\"8e1c81c\" data-element_type=\"container\">\n\t\t<div class=\"elementor-element elementor-element-5416b5a e-con-full e-flex e-con e-child\" data-id=\"5416b5a\" data-element_type=\"container\">\n\t\t\t\t<div class=\"elementor-element elementor-element-3ff0918 elementor-widget elementor-widget-text-editor\" data-id=\"3ff0918\" data-element_type=\"widget\" data-widget_type=\"text-editor.default\">\n\t\t\t\t\t\t\t\t\t<p>Jelenleg nyolc darab, nyerges, speci\u00e1lis r\u00f6nksz\u00e1ll\u00edt\u00f3 fel\u00e9p\u00edtm\u00e9nnyel felszerelt szerelv\u00e9nnyel \u00e1llunk rendelkez\u00e9sre, amelyek alkalmasak nagyobb mennyis\u00e9g\u0171 \u00e9s k\u00fcl\u00f6nleges form\u00e1tum\u00fa faanyagok biztons\u00e1gos sz\u00e1ll\u00edt\u00e1s\u00e1ra. Emellett rendelkez\u00fcnk egy 6&#215;6 meghajt\u00e1s\u00fa, darus szerelv\u00e9nnyel, amely speci\u00e1lis rakod\u00e1si feladatok elv\u00e9gz\u00e9s\u00e9re is alkalmas. Sz\u00e1ll\u00edt\u00e1si szolg\u00e1ltat\u00e1sainkat Magyarorsz\u00e1g mellett Olaszorsz\u00e1g, Szlov\u00e9nia, Horv\u00e1torsz\u00e1g \u00e9s Szlov\u00e1kia ter\u00fclet\u00e9n k\u00edn\u00e1ljuk, biztos\u00edtva \u00fcgyfeleink sz\u00e1m\u00e1ra a hat\u00e9kony \u00e9s id\u0151ben t\u00f6rt\u00e9n\u0151 kisz\u00e1ll\u00edt\u00e1st.<\/p>\t\t\t\t\t\t\t\t<\/div>\n\t\t\t\t<\/div>\n\t\t<div class=\"elementor-element elementor-element-e7bd2ae e-con-full e-flex e-con e-child\" data-id=\"e7bd2ae\" data-element_type=\"container\">\n\t\t\t\t<div class=\"elementor-element elementor-element-d5c459d elementor-widget elementor-widget-image\" data-id=\"d5c459d\" data-element_type=\"widget\" data-widget_type=\"image.default\">\n\t\t\t\t\t\t\t\t\t\t\t\t\t\t\t<img fetchpriority=\"high\" decoding=\"async\" width=\"1024\" height=\"683\" src=\"https:\/\/forest-cargo.codnize.com\/wp-content\/uploads\/2025\/08\/carpenter-working-sawmill-wood-manufacture-1024x683.jpg\" class=\"attachment-large size-large wp-image-451\" alt=\"\" srcset=\"https:\/\/forest-cargo.codnize.com\/wp-content\/uploads\/2025\/08\/carpenter-working-sawmill-wood-manufacture-1024x683.jpg 1024w, https:\/\/forest-cargo.codnize.com\/wp-content\/uploads\/2025\/08\/carpenter-working-sawmill-wood-manufacture-300x200.jpg 300w, https:\/\/forest-cargo.codnize.com\/wp-content\/uploads\/2025\/08\/carpenter-working-sawmill-wood-manufacture-768x512.jpg 768w, https:\/\/forest-cargo.codnize.com\/wp-content\/uploads\/2025\/08\/carpenter-working-sawmill-wood-manufacture-1536x1024.jpg 1536w, https:\/\/forest-cargo.codnize.com\/wp-content\/uploads\/2025\/08\/carpenter-working-sawmill-wood-manufacture-2048x1365.jpg 2048w, https:\/\/forest-cargo.codnize.com\/wp-content\/uploads\/2025\/08\/carpenter-working-sawmill-wood-manufacture-18x12.jpg 18w\" sizes=\"(max-width: 1024px) 100vw, 1024px\" \/>\t\t\t\t\t\t\t\t\t\t\t\t\t\t\t<\/div>\n\t\t\t\t<\/div>\n\t\t\t\t<\/div>\n\t\t\t\t\t<\/div>\n\t\t\t\t<\/div>\n\t\t<div class=\"elementor-element elementor-element-32a6b49e e-flex e-con-boxed e-con e-parent\" data-id=\"32a6b49e\" data-element_type=\"container\" data-settings=\"{&quot;background_background&quot;:&quot;classic&quot;}\">\n\t\t\t\t\t<div class=\"e-con-inner\">\n\t\t<div class=\"elementor-element elementor-element-79b736b9 e-con-full e-flex e-con e-child\" data-id=\"79b736b9\" data-element_type=\"container\">\n\t\t\t\t<div class=\"elementor-element elementor-element-74a38657 elementor-widget__width-initial elementor-widget-mobile__width-inherit elementor-widget elementor-widget-image-box\" data-id=\"74a38657\" data-element_type=\"widget\" data-widget_type=\"image-box.default\">\n\t\t\t\t\t<div class=\"elementor-image-box-wrapper\"><div class=\"elementor-image-box-content\"><h3 class=\"elementor-image-box-title\">\u00c9p\u00edts\u00fcnk er\u0151s partners\u00e9get<\/h3><p class=\"elementor-image-box-description\">Min\u0151s\u00e9gi faanyagra vagy megb\u00edzhat\u00f3 raklapelem-megold\u00e1sokra van sz\u00fcks\u00e9ge? T\u00f6bb \u00e9vtizedes tapasztalatunkkal, modern eszk\u00f6zeinkkel \u00e9s nemzetk\u00f6zi jelenl\u00e9t\u00fcnkkel k\u00e9szen \u00e1llunk arra, hogy pontosan az \u00d6n ig\u00e9nyei szerint, hat\u00e1rid\u0151re sz\u00e1ll\u00edtsunk.<\/p><\/div><\/div>\t\t\t\t<\/div>\n\t\t\t\t<div class=\"elementor-element elementor-element-143144c2 elementor-align-center elementor-mobile-align-left elementor-widget elementor-widget-button\" data-id=\"143144c2\" data-element_type=\"widget\" data-widget_type=\"button.default\">\n\t\t\t\t\t\t\t\t\t\t<a class=\"elementor-button elementor-button-link elementor-size-sm\" href=\"https:\/\/forest-cargo.codnize.com\/kapcsolat\/\">\n\t\t\t\t\t\t<span class=\"elementor-button-content-wrapper\">\n\t\t\t\t\t\t\t\t\t<span class=\"elementor-button-text\">Kapcsolat<\/span>\n\t\t\t\t\t<\/span>\n\t\t\t\t\t<\/a>\n\t\t\t\t\t\t\t\t<\/div>\n\t\t\t\t<\/div>\n\t\t\t\t\t<\/div>\n\t\t\t\t<\/div>\n\t\t\t\t<\/div>\n\t\t","protected":false},"excerpt":{"rendered":"<p>Fuvaroz\u00e1s Home Kapcsolat Sz\u00e1ll\u00edt\u00e1s Jelenleg nyolc darab, nyerges, speci\u00e1lis r\u00f6nksz\u00e1ll\u00edt\u00f3 fel\u00e9p\u00edtm\u00e9nnyel felszerelt szerelv\u00e9nnyel \u00e1llunk rendelkez\u00e9sre, amelyek alkalmasak nagyobb mennyis\u00e9g\u0171 \u00e9s [&hellip;]<\/p>\n","protected":false},"author":1,"featured_media":0,"parent":0,"menu_order":0,"comment_status":"closed","ping_status":"closed","template":"","meta":{"site-sidebar-layout":"no-sidebar","site-content-layout":"","ast-site-content-layout":"full-width-container","site-content-style":"default","site-sidebar-style":"default","ast-global-header-display":"","ast-banner-title-visibility":"","ast-main-header-display":"","ast-hfb-above-header-display":"","ast-hfb-below-header-display":"","ast-hfb-mobile-header-display":"","site-post-title":"disabled","ast-breadcrumbs-content":"","ast-featured-img":"disabled","footer-sml-layout":"","theme-transparent-header-meta":"default","adv-header-id-meta":"","stick-header-meta":"","header-above-stick-meta":"","header-main-stick-meta":"","header-below-stick-meta":"","astra-migrate-meta-layouts":"set","ast-page-background-enabled":"default","ast-page-background-meta":{"desktop":{"background-color":"var(--ast-global-color-5)","background-image":"","background-repeat":"repeat","background-position":"center center","background-size":"auto","background-attachment":"scroll","background-type":"","background-media":"","overlay-type":"","overlay-color":"","overlay-opacity":"","overlay-gradient":""},"tablet":{"background-color":"","background-image":"","background-repeat":"repeat","background-position":"center center","background-size":"auto","background-attachment":"scroll","background-type":"","background-media":"","overlay-type":"","overlay-color":"","overlay-opacity":"","overlay-gradient":""},"mobile":{"background-color":"","background-image":"","background-repeat":"repeat","background-position":"center center","background-size":"auto","background-attachment":"scroll","background-type":"","background-media":"","overlay-type":"","overlay-color":"","overlay-opacity":"","overlay-gradient":""}},"ast-content-background-meta":{"desktop":{"background-color":"var(--ast-global-color-4)","background-image":"","background-repeat":"repeat","background-position":"center center","background-size":"auto","background-attachment":"scroll","background-type":"","background-media":"","overlay-type":"","overlay-color":"","overlay-opacity":"","overlay-gradient":""},"tablet":{"background-color":"var(--ast-global-color-4)","background-image":"","background-repeat":"repeat","background-position":"center center","background-size":"auto","background-attachment":"scroll","background-type":"","background-media":"","overlay-type":"","overlay-color":"","overlay-opacity":"","overlay-gradient":""},"mobile":{"background-color":"var(--ast-global-color-4)","background-image":"","background-repeat":"repeat","background-position":"center center","background-size":"auto","background-attachment":"scroll","background-type":"","background-media":"","overlay-type":"","overlay-color":"","overlay-opacity":"","overlay-gradient":""}},"footnotes":""},"class_list":["post-144","page","type-page","status-publish","hentry"],"_links":{"self":[{"href":"https:\/\/forest-cargo.codnize.com\/hu\/wp-json\/wp\/v2\/pages\/144","targetHints":{"allow":["GET"]}}],"collection":[{"href":"https:\/\/forest-cargo.codnize.com\/hu\/wp-json\/wp\/v2\/pages"}],"about":[{"href":"https:\/\/forest-cargo.codnize.com\/hu\/wp-json\/wp\/v2\/types\/page"}],"author":[{"embeddable":true,"href":"https:\/\/forest-cargo.codnize.com\/hu\/wp-json\/wp\/v2\/users\/1"}],"replies":[{"embeddable":true,"href":"https:\/\/forest-cargo.codnize.com\/hu\/wp-json\/wp\/v2\/comments?post=144"}],"version-history":[{"count":28,"href":"https:\/\/forest-cargo.codnize.com\/hu\/wp-json\/wp\/v2\/pages\/144\/revisions"}],"predecessor-version":[{"id":688,"href":"https:\/\/forest-cargo.codnize.com\/hu\/wp-json\/wp\/v2\/pages\/144\/revisions\/688"}],"wp:attachment":[{"href":"https:\/\/forest-cargo.codnize.com\/hu\/wp-json\/wp\/v2\/media?parent=144"}],"curies":[{"name":"wp","href":"https:\/\/api.w.org\/{rel}","templated":true}]}}