{"id":666,"date":"2025-08-12T17:31:00","date_gmt":"2025-08-12T17:31:00","guid":{"rendered":"https:\/\/forest-cargo.codnize.com\/?page_id=666"},"modified":"2025-08-12T17:42:12","modified_gmt":"2025-08-12T17:42:12","slug":"palyazatok","status":"publish","type":"page","link":"https:\/\/forest-cargo.codnize.com\/hu\/palyazatok\/","title":{"rendered":"P\u00e1ly\u00e1zatok"},"content":{"rendered":"<style>.elementor-666 .elementor-element.elementor-element-148231b0{--display:flex;--flex-direction:column;--container-widget-width:100%;--container-widget-height:initial;--container-widget-flex-grow:0;--container-widget-align-self:initial;--flex-wrap-mobile:wrap;--overlay-opacity:0.5;--margin-top:-160px;--margin-bottom:0px;--margin-left:0px;--margin-right:0px;--padding-top:220px;--padding-bottom:124px;--padding-left:0px;--padding-right:0px;}.elementor-666 .elementor-element.elementor-element-148231b0:not(.elementor-motion-effects-element-type-background), .elementor-666 .elementor-element.elementor-element-148231b0 > .elementor-motion-effects-container > .elementor-motion-effects-layer{background-color:#082F08;background-image:url(\"https:\/\/forest-cargo.codnize.com\/wp-content\/uploads\/2025\/08\/SCO_SVG-22082024-105433-1-2.svg\");background-position:center center;background-repeat:no-repeat;background-size:cover;}.elementor-666 .elementor-element.elementor-element-148231b0::before, .elementor-666 .elementor-element.elementor-element-148231b0 > .elementor-background-video-container::before, .elementor-666 .elementor-element.elementor-element-148231b0 > .e-con-inner > .elementor-background-video-container::before, .elementor-666 .elementor-element.elementor-element-148231b0 > .elementor-background-slideshow::before, .elementor-666 .elementor-element.elementor-element-148231b0 > .e-con-inner > .elementor-background-slideshow::before, .elementor-666 .elementor-element.elementor-element-148231b0 > .elementor-motion-effects-container > .elementor-motion-effects-layer::before{--background-overlay:'';}.elementor-widget-heading .elementor-heading-title{font-family:var( --e-global-typography-primary-font-family ), Sans-serif;font-weight:var( --e-global-typography-primary-font-weight );color:var( --e-global-color-primary );}.elementor-666 .elementor-element.elementor-element-447a1ec5{margin:20px 0px calc(var(--kit-widget-spacing, 0px) + 0px) 0px;padding:30px 0px 0px 0px;text-align:center;}.elementor-666 .elementor-element.elementor-element-447a1ec5 .elementor-heading-title{font-family:\"Tenor Sans\", Sans-serif;font-size:55px;font-weight:400;color:#FFFFFF;}.elementor-widget-icon-list .elementor-icon-list-item:not(:last-child):after{border-color:var( --e-global-color-text );}.elementor-widget-icon-list .elementor-icon-list-icon i{color:var( --e-global-color-primary );}.elementor-widget-icon-list .elementor-icon-list-icon svg{fill:var( --e-global-color-primary );}.elementor-widget-icon-list .elementor-icon-list-item > .elementor-icon-list-text, .elementor-widget-icon-list .elementor-icon-list-item > a{font-family:var( --e-global-typography-text-font-family ), Sans-serif;font-weight:var( --e-global-typography-text-font-weight );}.elementor-widget-icon-list .elementor-icon-list-text{color:var( --e-global-color-secondary );}.elementor-666 .elementor-element.elementor-element-1838ce46 .elementor-icon-list-icon i{color:#FFFFFF;transition:color 0.3s;}.elementor-666 .elementor-element.elementor-element-1838ce46 .elementor-icon-list-icon svg{fill:#FFFFFF;transition:fill 0.3s;}.elementor-666 .elementor-element.elementor-element-1838ce46{--e-icon-list-icon-size:14px;--icon-vertical-offset:0px;}.elementor-666 .elementor-element.elementor-element-1838ce46 .elementor-icon-list-item > .elementor-icon-list-text, .elementor-666 .elementor-element.elementor-element-1838ce46 .elementor-icon-list-item > a{font-family:\"Inter\", Sans-serif;font-size:16px;font-weight:400;text-decoration:none;}.elementor-666 .elementor-element.elementor-element-1838ce46 .elementor-icon-list-text{color:#FFFFFF;transition:color 0.3s;}.elementor-666 .elementor-element.elementor-element-d335df5{--display:flex;--flex-direction:column;--container-widget-width:100%;--container-widget-height:initial;--container-widget-flex-grow:0;--container-widget-align-self:initial;--flex-wrap-mobile:wrap;--margin-top:100px;--margin-bottom:100px;--margin-left:0px;--margin-right:0px;}.elementor-666 .elementor-element.elementor-element-cf9c00a{--display:flex;--flex-direction:row;--container-widget-width:initial;--container-widget-height:100%;--container-widget-flex-grow:1;--container-widget-align-self:stretch;--flex-wrap-mobile:wrap;--padding-top:0px;--padding-bottom:0px;--padding-left:0px;--padding-right:0px;}.elementor-666 .elementor-element.elementor-element-dd46e19{--display:flex;--padding-top:0px;--padding-bottom:0px;--padding-left:0px;--padding-right:0px;}.elementor-widget-image .widget-image-caption{color:var( --e-global-color-text );font-family:var( --e-global-typography-text-font-family ), Sans-serif;font-weight:var( --e-global-typography-text-font-weight );}.elementor-666 .elementor-element.elementor-element-53e6f69{--display:flex;--padding-top:0px;--padding-bottom:0px;--padding-left:0px;--padding-right:0px;}.elementor-666 .elementor-element.elementor-element-240898b{--display:flex;}.elementor-widget-icon-box.elementor-view-stacked .elementor-icon{background-color:var( --e-global-color-primary );}.elementor-widget-icon-box.elementor-view-framed .elementor-icon, .elementor-widget-icon-box.elementor-view-default .elementor-icon{fill:var( --e-global-color-primary );color:var( --e-global-color-primary );border-color:var( --e-global-color-primary );}.elementor-widget-icon-box .elementor-icon-box-title, .elementor-widget-icon-box .elementor-icon-box-title a{font-family:var( --e-global-typography-primary-font-family ), Sans-serif;font-weight:var( --e-global-typography-primary-font-weight );}.elementor-widget-icon-box .elementor-icon-box-title{color:var( --e-global-color-primary );}.elementor-widget-icon-box:has(:hover) .elementor-icon-box-title,\n\t\t\t\t\t .elementor-widget-icon-box:has(:focus) .elementor-icon-box-title{color:var( --e-global-color-primary );}.elementor-widget-icon-box .elementor-icon-box-description{font-family:var( --e-global-typography-text-font-family ), Sans-serif;font-weight:var( --e-global-typography-text-font-weight );color:var( --e-global-color-text );}.elementor-666 .elementor-element.elementor-element-cf1eda0{margin:-10px 0px calc(var(--kit-widget-spacing, 0px) + 0px) 0px;padding:0px 0px 0px 0px;}.elementor-666 .elementor-element.elementor-element-cf1eda0 .elementor-icon-box-wrapper{text-align:left;}.elementor-666 .elementor-element.elementor-element-cf1eda0 .elementor-icon-box-title, .elementor-666 .elementor-element.elementor-element-cf1eda0 .elementor-icon-box-title a{font-family:\"Inter\", Sans-serif;font-size:16px;font-weight:600;}.elementor-666 .elementor-element.elementor-element-cf1eda0 .elementor-icon-box-description{font-family:\"Inter\", Sans-serif;font-size:16px;font-weight:400;color:#000000;}.elementor-widget-text-editor{font-family:var( --e-global-typography-text-font-family ), Sans-serif;font-weight:var( --e-global-typography-text-font-weight );color:var( --e-global-color-text );}.elementor-widget-text-editor.elementor-drop-cap-view-stacked .elementor-drop-cap{background-color:var( --e-global-color-primary );}.elementor-widget-text-editor.elementor-drop-cap-view-framed .elementor-drop-cap, .elementor-widget-text-editor.elementor-drop-cap-view-default .elementor-drop-cap{color:var( --e-global-color-primary );border-color:var( --e-global-color-primary );}.elementor-666 .elementor-element.elementor-element-8aac985{margin:-35px 0px calc(var(--kit-widget-spacing, 0px) + 0px) 0px;padding:0px 0px 0px 0px;font-family:\"Inter\", Sans-serif;font-size:16px;font-weight:400;color:#000000;}.elementor-666 .elementor-element.elementor-element-8aac985 p{margin-block-end:0px;}@media(max-width:1024px){.elementor-666 .elementor-element.elementor-element-447a1ec5 .elementor-heading-title{font-size:45px;}}@media(min-width:768px){.elementor-666 .elementor-element.elementor-element-148231b0{--content-width:1240px;}.elementor-666 .elementor-element.elementor-element-dd46e19{--width:50%;}.elementor-666 .elementor-element.elementor-element-53e6f69{--width:50%;}}@media(max-width:767px){.elementor-666 .elementor-element.elementor-element-148231b0{--padding-top:180px;--padding-bottom:100px;--padding-left:0px;--padding-right:0px;}.elementor-666 .elementor-element.elementor-element-447a1ec5 .elementor-heading-title{font-size:40px;}.elementor-666 .elementor-element.elementor-element-1838ce46{--e-icon-list-icon-size:14px;}.elementor-666 .elementor-element.elementor-element-1838ce46 .elementor-icon-list-item > .elementor-icon-list-text, .elementor-666 .elementor-element.elementor-element-1838ce46 .elementor-icon-list-item > a{font-size:14px;}.elementor-666 .elementor-element.elementor-element-cf1eda0 .elementor-icon-box-description{font-size:14px;}.elementor-666 .elementor-element.elementor-element-8aac985{margin:-25px 0px calc(var(--kit-widget-spacing, 0px) + 0px) 0px;font-size:14px;}}<\/style>\t\t<div data-elementor-type=\"wp-page\" data-elementor-id=\"666\" class=\"elementor elementor-666\" data-elementor-post-type=\"page\">\n\t\t\t\t<div class=\"elementor-element elementor-element-148231b0 e-flex e-con-boxed e-con e-parent\" data-id=\"148231b0\" data-element_type=\"container\" data-settings=\"{&quot;background_background&quot;:&quot;classic&quot;}\">\n\t\t\t\t\t<div class=\"e-con-inner\">\n\t\t\t\t<div class=\"elementor-element elementor-element-447a1ec5 elementor-widget elementor-widget-heading\" data-id=\"447a1ec5\" data-element_type=\"widget\" data-widget_type=\"heading.default\">\n\t\t\t\t\t<h2 class=\"elementor-heading-title elementor-size-default\">P\u00e1ly\u00e1zatok<\/h2>\t\t\t\t<\/div>\n\t\t\t\t<div class=\"elementor-element elementor-element-1838ce46 elementor-icon-list--layout-inline elementor-align-center elementor-list-item-link-full_width elementor-widget elementor-widget-icon-list\" data-id=\"1838ce46\" data-element_type=\"widget\" data-widget_type=\"icon-list.default\">\n\t\t\t\t\t\t\t<ul class=\"elementor-icon-list-items elementor-inline-items\">\n\t\t\t\t\t\t\t<li class=\"elementor-icon-list-item elementor-inline-item\">\n\t\t\t\t\t\t\t\t\t\t\t<a href=\"https:\/\/forest-cargo.codnize.com\/\">\n\n\t\t\t\t\t\t\t\t\t\t\t\t<span class=\"elementor-icon-list-icon\">\n\t\t\t\t\t\t\t<i aria-hidden=\"true\" class=\"icon icon-home2\"><\/i>\t\t\t\t\t\t<\/span>\n\t\t\t\t\t\t\t\t\t\t<span class=\"elementor-icon-list-text\">Home<\/span>\n\t\t\t\t\t\t\t\t\t\t\t<\/a>\n\t\t\t\t\t\t\t\t\t<\/li>\n\t\t\t\t\t\t\t\t<li class=\"elementor-icon-list-item elementor-inline-item\">\n\t\t\t\t\t\t\t\t\t\t\t<a href=\"https:\/\/forest-cargo.codnize.com\/kapcsolat\/\">\n\n\t\t\t\t\t\t\t\t\t\t\t\t<span class=\"elementor-icon-list-icon\">\n\t\t\t\t\t\t\t<i aria-hidden=\"true\" class=\"jki jki-phone-call-light\"><\/i>\t\t\t\t\t\t<\/span>\n\t\t\t\t\t\t\t\t\t\t<span class=\"elementor-icon-list-text\">Kapcsolat<\/span>\n\t\t\t\t\t\t\t\t\t\t\t<\/a>\n\t\t\t\t\t\t\t\t\t<\/li>\n\t\t\t\t\t\t<\/ul>\n\t\t\t\t\t\t<\/div>\n\t\t\t\t\t<\/div>\n\t\t\t\t<\/div>\n\t\t<div class=\"elementor-element elementor-element-d335df5 e-flex e-con-boxed e-con e-parent\" data-id=\"d335df5\" data-element_type=\"container\">\n\t\t\t\t\t<div class=\"e-con-inner\">\n\t\t<div class=\"elementor-element elementor-element-cf9c00a e-con-full e-flex e-con e-child\" data-id=\"cf9c00a\" data-element_type=\"container\">\n\t\t<div class=\"elementor-element elementor-element-dd46e19 e-con-full e-flex e-con e-child\" data-id=\"dd46e19\" data-element_type=\"container\">\n\t\t\t\t<div class=\"elementor-element elementor-element-f605900 elementor-widget elementor-widget-image\" data-id=\"f605900\" data-element_type=\"widget\" data-widget_type=\"image.default\">\n\t\t\t\t\t\t\t\t\t\t\t\t\t\t\t<img fetchpriority=\"high\" decoding=\"async\" width=\"1024\" height=\"719\" src=\"https:\/\/forest-cargo.codnize.com\/wp-content\/uploads\/2025\/08\/WhatsApp-Image-2025-08-12-at-22.27.26_13c7ed09-1024x719.jpg\" class=\"attachment-large size-large wp-image-674\" alt=\"\" srcset=\"https:\/\/forest-cargo.codnize.com\/wp-content\/uploads\/2025\/08\/WhatsApp-Image-2025-08-12-at-22.27.26_13c7ed09-1024x719.jpg 1024w, https:\/\/forest-cargo.codnize.com\/wp-content\/uploads\/2025\/08\/WhatsApp-Image-2025-08-12-at-22.27.26_13c7ed09-300x211.jpg 300w, https:\/\/forest-cargo.codnize.com\/wp-content\/uploads\/2025\/08\/WhatsApp-Image-2025-08-12-at-22.27.26_13c7ed09-768x539.jpg 768w, https:\/\/forest-cargo.codnize.com\/wp-content\/uploads\/2025\/08\/WhatsApp-Image-2025-08-12-at-22.27.26_13c7ed09-18x12.jpg 18w, https:\/\/forest-cargo.codnize.com\/wp-content\/uploads\/2025\/08\/WhatsApp-Image-2025-08-12-at-22.27.26_13c7ed09.jpg 1278w\" sizes=\"(max-width: 1024px) 100vw, 1024px\" \/>\t\t\t\t\t\t\t\t\t\t\t\t\t\t\t<\/div>\n\t\t\t\t<\/div>\n\t\t<div class=\"elementor-element elementor-element-53e6f69 e-con-full e-flex e-con e-child\" data-id=\"53e6f69\" data-element_type=\"container\">\n\t\t\t\t<div class=\"elementor-element elementor-element-5bdce0a elementor-widget elementor-widget-image\" data-id=\"5bdce0a\" data-element_type=\"widget\" data-widget_type=\"image.default\">\n\t\t\t\t\t\t\t\t\t\t\t\t\t\t\t<img decoding=\"async\" width=\"1024\" height=\"734\" src=\"https:\/\/forest-cargo.codnize.com\/wp-content\/uploads\/2025\/08\/WhatsApp-Image-2025-08-12-at-22.27.26_b692f0a6-1024x734.jpg\" class=\"attachment-large size-large wp-image-675\" alt=\"\" srcset=\"https:\/\/forest-cargo.codnize.com\/wp-content\/uploads\/2025\/08\/WhatsApp-Image-2025-08-12-at-22.27.26_b692f0a6-1024x734.jpg 1024w, https:\/\/forest-cargo.codnize.com\/wp-content\/uploads\/2025\/08\/WhatsApp-Image-2025-08-12-at-22.27.26_b692f0a6-300x215.jpg 300w, https:\/\/forest-cargo.codnize.com\/wp-content\/uploads\/2025\/08\/WhatsApp-Image-2025-08-12-at-22.27.26_b692f0a6-768x550.jpg 768w, https:\/\/forest-cargo.codnize.com\/wp-content\/uploads\/2025\/08\/WhatsApp-Image-2025-08-12-at-22.27.26_b692f0a6-18x12.jpg 18w, https:\/\/forest-cargo.codnize.com\/wp-content\/uploads\/2025\/08\/WhatsApp-Image-2025-08-12-at-22.27.26_b692f0a6.jpg 1280w\" sizes=\"(max-width: 1024px) 100vw, 1024px\" \/>\t\t\t\t\t\t\t\t\t\t\t\t\t\t\t<\/div>\n\t\t\t\t<\/div>\n\t\t\t\t<\/div>\n\t\t<div class=\"elementor-element elementor-element-240898b e-con-full e-flex e-con e-child\" data-id=\"240898b\" data-element_type=\"container\">\n\t\t\t\t<div class=\"elementor-element elementor-element-cf1eda0 elementor-widget elementor-widget-icon-box\" data-id=\"cf1eda0\" data-element_type=\"widget\" data-widget_type=\"icon-box.default\">\n\t\t\t\t\t\t\t<div class=\"elementor-icon-box-wrapper\">\n\n\t\t\t\n\t\t\t\t\t\t<div class=\"elementor-icon-box-content\">\n\n\t\t\t\t\n\t\t\t\t\t\t\t\t\t<p class=\"elementor-icon-box-description\">\n\t\t\t\t\t\tC\u00e9g\u00fcnk a Forest Cargo Kft. 2014.12.31. alakult az UNIFOREST Kereskedelmi \u00e9s Szolg\u00e1ltat\u00f3 Kft. jogut\u00f3djak\u00e9nt. Tev\u00e9kenys\u00e9g\u00fcnk: fa- \u00e9s \u00e9p\u00edt\u0151ipari \u00e1ruk kis- \u00e9s nagykereskedelme, k\u00f6z\u00fati \u00e1rusz\u00e1ll\u00edt\u00e1s \u00e9s erd\u0151gazd\u00e1lkod\u00e1s. A LOGLIFT F 125 Z93 t\u00edpus\u00fa rakod\u00f3daru beszerz\u00e9s\u00e9t az indokolja, hogy az ut\u00f3bbi id\u0151szakban jelent\u0151sen megemelkedett a vev\u0151ink r\u00e9sz\u00e9r\u0151l az ig\u00e9ny, melyet egyre neh\u00e9zkesebben tudunk kiszolg\u00e1lni. Piaci lehet\u0151s\u00e9geink javulnak az eszk\u00f6z beszerz\u00e9s\u00e9t k\u00f6vet\u0151en, mert t\u00f6bb fa\u00e1rut tudunk megmozgatni.\t\t\t\t\t<\/p>\n\t\t\t\t\n\t\t\t<\/div>\n\t\t\t\n\t\t<\/div>\n\t\t\t\t\t\t<\/div>\n\t\t\t\t<\/div>\n\t\t\t\t<div class=\"elementor-element elementor-element-8aac985 elementor-widget elementor-widget-text-editor\" data-id=\"8aac985\" data-element_type=\"widget\" data-widget_type=\"text-editor.default\">\n\t\t\t\t\t\t\t\t\t<ul><li>&#8211; a kedvezm\u00e9nyezett neve: FOREST CARGO Kereskedelmi \u00e9s Szolg\u00e1ltat\u00f3 Kft.<\/li><li>&#8211; a projekt c\u00edme: Darubeszerz\u00e9s megval\u00f3s\u00edt\u00e1sa.<\/li><li>&#8211; a szerz\u0151d\u00f6tt t\u00e1mogat\u00e1s \u00f6sszege: 9 279 600,-Ft<\/li><li>&#8211; a t\u00e1mogat\u00e1s m\u00e9rt\u00e9ke: 50%<\/li><li>&#8211; a projekt tartalm\u00e1nak bemutat\u00e1sa:<\/li><li>&#8211; projekt azonos\u00edt\u00f3sz\u00e1ma: GINOP-1.2.2-16-2017-00578<\/li><li>&#8211; a projekt befejez\u00e9si d\u00e1tuma: 2017. december 31.<\/li><\/ul>\t\t\t\t\t\t\t\t<\/div>\n\t\t\t\t\t<\/div>\n\t\t\t\t<\/div>\n\t\t\t\t<\/div>\n\t\t","protected":false},"excerpt":{"rendered":"<p>P\u00e1ly\u00e1zatok Home Kapcsolat C\u00e9g\u00fcnk a Forest Cargo Kft. 2014.12.31. alakult az UNIFOREST Kereskedelmi \u00e9s Szolg\u00e1ltat\u00f3 Kft. jogut\u00f3djak\u00e9nt. Tev\u00e9kenys\u00e9g\u00fcnk: fa- \u00e9s [&hellip;]<\/p>\n","protected":false},"author":1,"featured_media":0,"parent":0,"menu_order":0,"comment_status":"closed","ping_status":"closed","template":"","meta":{"site-sidebar-layout":"no-sidebar","site-content-layout":"","ast-site-content-layout":"full-width-container","site-content-style":"default","site-sidebar-style":"default","ast-global-header-display":"","ast-banner-title-visibility":"","ast-main-header-display":"","ast-hfb-above-header-display":"","ast-hfb-below-header-display":"","ast-hfb-mobile-header-display":"","site-post-title":"disabled","ast-breadcrumbs-content":"","ast-featured-img":"disabled","footer-sml-layout":"","theme-transparent-header-meta":"default","adv-header-id-meta":"","stick-header-meta":"","header-above-stick-meta":"","header-main-stick-meta":"","header-below-stick-meta":"","astra-migrate-meta-layouts":"set","ast-page-background-enabled":"default","ast-page-background-meta":{"desktop":{"background-color":"var(--ast-global-color-5)","background-image":"","background-repeat":"repeat","background-position":"center center","background-size":"auto","background-attachment":"scroll","background-type":"","background-media":"","overlay-type":"","overlay-color":"","overlay-opacity":"","overlay-gradient":""},"tablet":{"background-color":"","background-image":"","background-repeat":"repeat","background-position":"center center","background-size":"auto","background-attachment":"scroll","background-type":"","background-media":"","overlay-type":"","overlay-color":"","overlay-opacity":"","overlay-gradient":""},"mobile":{"background-color":"","background-image":"","background-repeat":"repeat","background-position":"center center","background-size":"auto","background-attachment":"scroll","background-type":"","background-media":"","overlay-type":"","overlay-color":"","overlay-opacity":"","overlay-gradient":""}},"ast-content-background-meta":{"desktop":{"background-color":"var(--ast-global-color-4)","background-image":"","background-repeat":"repeat","background-position":"center center","background-size":"auto","background-attachment":"scroll","background-type":"","background-media":"","overlay-type":"","overlay-color":"","overlay-opacity":"","overlay-gradient":""},"tablet":{"background-color":"var(--ast-global-color-4)","background-image":"","background-repeat":"repeat","background-position":"center center","background-size":"auto","background-attachment":"scroll","background-type":"","background-media":"","overlay-type":"","overlay-color":"","overlay-opacity":"","overlay-gradient":""},"mobile":{"background-color":"var(--ast-global-color-4)","background-image":"","background-repeat":"repeat","background-position":"center center","background-size":"auto","background-attachment":"scroll","background-type":"","background-media":"","overlay-type":"","overlay-color":"","overlay-opacity":"","overlay-gradient":""}},"footnotes":""},"class_list":["post-666","page","type-page","status-publish","hentry"],"_links":{"self":[{"href":"https:\/\/forest-cargo.codnize.com\/hu\/wp-json\/wp\/v2\/pages\/666","targetHints":{"allow":["GET"]}}],"collection":[{"href":"https:\/\/forest-cargo.codnize.com\/hu\/wp-json\/wp\/v2\/pages"}],"about":[{"href":"https:\/\/forest-cargo.codnize.com\/hu\/wp-json\/wp\/v2\/types\/page"}],"author":[{"embeddable":true,"href":"https:\/\/forest-cargo.codnize.com\/hu\/wp-json\/wp\/v2\/users\/1"}],"replies":[{"embeddable":true,"href":"https:\/\/forest-cargo.codnize.com\/hu\/wp-json\/wp\/v2\/comments?post=666"}],"version-history":[{"count":4,"href":"https:\/\/forest-cargo.codnize.com\/hu\/wp-json\/wp\/v2\/pages\/666\/revisions"}],"predecessor-version":[{"id":679,"href":"https:\/\/forest-cargo.codnize.com\/hu\/wp-json\/wp\/v2\/pages\/666\/revisions\/679"}],"wp:attachment":[{"href":"https:\/\/forest-cargo.codnize.com\/hu\/wp-json\/wp\/v2\/media?parent=666"}],"curies":[{"name":"wp","href":"https:\/\/api.w.org\/{rel}","templated":true}]}}