{"id":283,"date":"2025-08-10T16:33:38","date_gmt":"2025-08-10T16:33:38","guid":{"rendered":"https:\/\/forest-cargo.codnize.com\/?page_id=283"},"modified":"2025-08-11T10:57:51","modified_gmt":"2025-08-11T10:57:51","slug":"impresszum","status":"publish","type":"page","link":"https:\/\/forest-cargo.codnize.com\/it\/impresszum\/","title":{"rendered":"Impressum"},"content":{"rendered":"<style>.elementor-283 .elementor-element.elementor-element-63a18c8{--display:flex;--min-height:100px;--flex-direction:column;--container-widget-width:100%;--container-widget-height:initial;--container-widget-flex-grow:0;--container-widget-align-self:initial;--flex-wrap-mobile:wrap;--justify-content:center;}.elementor-widget-theme-page-title .elementor-heading-title{font-family:var( --e-global-typography-primary-font-family ), Sans-serif;font-weight:var( --e-global-typography-primary-font-weight );color:var( --e-global-color-primary );}.elementor-283 .elementor-element.elementor-element-80cf5b6{padding:0px 0px 0px 10px;}.elementor-283 .elementor-element.elementor-element-80cf5b6 .elementor-heading-title{font-family:\"Tenor Sans\", Sans-serif;font-size:40px;font-weight:600;color:var( --e-global-color-astglobalcolor6 );}.elementor-283 .elementor-element.elementor-element-b9e1586{--display:flex;--flex-direction:column;--container-widget-width:100%;--container-widget-height:initial;--container-widget-flex-grow:0;--container-widget-align-self:initial;--flex-wrap-mobile:wrap;--padding-top:100px;--padding-bottom:100px;--padding-left:0px;--padding-right:0px;}.elementor-283 .elementor-element.elementor-element-b2cc782{--display:flex;}.elementor-widget-heading .elementor-heading-title{font-family:var( --e-global-typography-primary-font-family ), Sans-serif;font-weight:var( --e-global-typography-primary-font-weight );color:var( --e-global-color-primary );}.elementor-283 .elementor-element.elementor-element-d8c8eb0 .elementor-heading-title{font-family:\"Tenor Sans\", Sans-serif;font-size:35px;font-weight:400;color:#000000;}.elementor-widget-icon-box.elementor-view-stacked .elementor-icon{background-color:var( --e-global-color-primary );}.elementor-widget-icon-box.elementor-view-framed .elementor-icon, .elementor-widget-icon-box.elementor-view-default .elementor-icon{fill:var( --e-global-color-primary );color:var( --e-global-color-primary );border-color:var( --e-global-color-primary );}.elementor-widget-icon-box .elementor-icon-box-title, .elementor-widget-icon-box .elementor-icon-box-title a{font-family:var( --e-global-typography-primary-font-family ), Sans-serif;font-weight:var( --e-global-typography-primary-font-weight );}.elementor-widget-icon-box .elementor-icon-box-title{color:var( --e-global-color-primary );}.elementor-widget-icon-box:has(:hover) .elementor-icon-box-title,\n\t\t\t\t\t .elementor-widget-icon-box:has(:focus) .elementor-icon-box-title{color:var( --e-global-color-primary );}.elementor-widget-icon-box .elementor-icon-box-description{font-family:var( --e-global-typography-text-font-family ), Sans-serif;font-weight:var( --e-global-typography-text-font-weight );color:var( --e-global-color-text );}.elementor-283 .elementor-element.elementor-element-e06f65a{margin:-10px 0px calc(var(--kit-widget-spacing, 0px) + 0px) 0px;padding:0px 0px 0px 0px;}.elementor-283 .elementor-element.elementor-element-e06f65a .elementor-icon-box-wrapper{text-align:left;}.elementor-283 .elementor-element.elementor-element-e06f65a .elementor-icon-box-title, .elementor-283 .elementor-element.elementor-element-e06f65a .elementor-icon-box-title a{font-family:\"Inter\", Sans-serif;font-weight:600;}.elementor-283 .elementor-element.elementor-element-e06f65a .elementor-icon-box-description{font-family:\"Inter\", Sans-serif;font-size:16px;font-weight:400;color:#000000;}.elementor-283 .elementor-element.elementor-element-007ad3f .elementor-heading-title{font-family:\"Tenor Sans\", Sans-serif;font-size:35px;font-weight:400;color:#000000;}.elementor-283 .elementor-element.elementor-element-cb0a7a8{margin:-10px 0px calc(var(--kit-widget-spacing, 0px) + 0px) 0px;padding:0px 0px 0px 0px;}.elementor-283 .elementor-element.elementor-element-cb0a7a8 .elementor-icon-box-wrapper{text-align:left;}.elementor-283 .elementor-element.elementor-element-cb0a7a8 .elementor-icon-box-title, .elementor-283 .elementor-element.elementor-element-cb0a7a8 .elementor-icon-box-title a{font-family:\"Inter\", Sans-serif;font-weight:600;}.elementor-283 .elementor-element.elementor-element-cb0a7a8 .elementor-icon-box-description{font-family:\"Inter\", Sans-serif;font-size:16px;font-weight:400;color:#000000;}.elementor-283 .elementor-element.elementor-element-80b06d5 .elementor-heading-title{font-family:\"Tenor Sans\", Sans-serif;font-size:35px;font-weight:400;color:#000000;}.elementor-283 .elementor-element.elementor-element-95dd37b{margin:-10px 0px calc(var(--kit-widget-spacing, 0px) + 0px) 0px;padding:0px 0px 0px 0px;}.elementor-283 .elementor-element.elementor-element-95dd37b .elementor-icon-box-wrapper{text-align:left;}.elementor-283 .elementor-element.elementor-element-95dd37b .elementor-icon-box-title, .elementor-283 .elementor-element.elementor-element-95dd37b .elementor-icon-box-title a{font-family:\"Inter\", Sans-serif;font-weight:600;}.elementor-283 .elementor-element.elementor-element-95dd37b .elementor-icon-box-description{font-family:\"Inter\", Sans-serif;font-size:16px;font-weight:400;color:#000000;}.elementor-283 .elementor-element.elementor-element-b62aecb .elementor-heading-title{font-family:\"Tenor Sans\", Sans-serif;font-size:35px;font-weight:400;color:#000000;}.elementor-283 .elementor-element.elementor-element-bec3171{margin:-10px 0px calc(var(--kit-widget-spacing, 0px) + 0px) 0px;padding:0px 0px 0px 0px;}.elementor-283 .elementor-element.elementor-element-bec3171 .elementor-icon-box-wrapper{text-align:left;}.elementor-283 .elementor-element.elementor-element-bec3171 .elementor-icon-box-title, .elementor-283 .elementor-element.elementor-element-bec3171 .elementor-icon-box-title a{font-family:\"Inter\", Sans-serif;font-weight:600;}.elementor-283 .elementor-element.elementor-element-bec3171 .elementor-icon-box-description{font-family:\"Inter\", Sans-serif;font-size:16px;font-weight:400;color:#000000;}.elementor-283 .elementor-element.elementor-element-bcd6684 .elementor-heading-title{font-family:\"Tenor Sans\", Sans-serif;font-size:35px;font-weight:400;color:#000000;}.elementor-283 .elementor-element.elementor-element-08b7d58{margin:-10px 0px calc(var(--kit-widget-spacing, 0px) + 0px) 0px;padding:0px 0px 0px 0px;}.elementor-283 .elementor-element.elementor-element-08b7d58 .elementor-icon-box-wrapper{text-align:left;}.elementor-283 .elementor-element.elementor-element-08b7d58 .elementor-icon-box-title, .elementor-283 .elementor-element.elementor-element-08b7d58 .elementor-icon-box-title a{font-family:\"Inter\", Sans-serif;font-weight:600;}.elementor-283 .elementor-element.elementor-element-08b7d58 .elementor-icon-box-description{font-family:\"Inter\", Sans-serif;font-size:16px;font-weight:400;color:#000000;}.elementor-283 .elementor-element.elementor-element-45318f0 .elementor-heading-title{font-family:\"Tenor Sans\", Sans-serif;font-size:35px;font-weight:400;color:#000000;}.elementor-283 .elementor-element.elementor-element-d5e4449{margin:-10px 0px calc(var(--kit-widget-spacing, 0px) + 0px) 0px;padding:0px 0px 0px 0px;}.elementor-283 .elementor-element.elementor-element-d5e4449 .elementor-icon-box-wrapper{text-align:left;}.elementor-283 .elementor-element.elementor-element-d5e4449 .elementor-icon-box-title, .elementor-283 .elementor-element.elementor-element-d5e4449 .elementor-icon-box-title a{font-family:\"Inter\", Sans-serif;font-weight:600;}.elementor-283 .elementor-element.elementor-element-d5e4449 .elementor-icon-box-description{font-family:\"Inter\", Sans-serif;font-size:16px;font-weight:400;color:#000000;}.elementor-283 .elementor-element.elementor-element-1c8dd1b .elementor-heading-title{font-family:\"Tenor Sans\", Sans-serif;font-size:35px;font-weight:400;color:#000000;}.elementor-283 .elementor-element.elementor-element-f845054{margin:-10px 0px calc(var(--kit-widget-spacing, 0px) + 0px) 0px;padding:0px 0px 0px 0px;}.elementor-283 .elementor-element.elementor-element-f845054 .elementor-icon-box-wrapper{text-align:left;}.elementor-283 .elementor-element.elementor-element-f845054 .elementor-icon-box-title, .elementor-283 .elementor-element.elementor-element-f845054 .elementor-icon-box-title a{font-family:\"Inter\", Sans-serif;font-weight:600;}.elementor-283 .elementor-element.elementor-element-f845054 .elementor-icon-box-description{font-family:\"Inter\", Sans-serif;font-size:16px;font-weight:400;color:#000000;}.elementor-283 .elementor-element.elementor-element-6b5f361 .elementor-heading-title{font-family:\"Tenor Sans\", Sans-serif;font-size:35px;font-weight:400;color:#000000;}.elementor-283 .elementor-element.elementor-element-3ed5ce6{margin:-10px 0px calc(var(--kit-widget-spacing, 0px) + 0px) 0px;}.elementor-283 .elementor-element.elementor-element-3ed5ce6 .elementor-icon-box-wrapper{text-align:left;}.elementor-283 .elementor-element.elementor-element-3ed5ce6 .elementor-icon-box-title, .elementor-283 .elementor-element.elementor-element-3ed5ce6 .elementor-icon-box-title a{font-family:\"Inter\", Sans-serif;font-weight:600;}.elementor-283 .elementor-element.elementor-element-3ed5ce6 .elementor-icon-box-description{font-family:\"Inter\", Sans-serif;font-size:16px;font-weight:400;color:#000000;}@media(max-width:1024px){.elementor-283 .elementor-element.elementor-element-80cf5b6{padding:0px 0px 0px 0px;}.elementor-283 .elementor-element.elementor-element-b9e1586{--padding-top:70px;--padding-bottom:70px;--padding-left:10px;--padding-right:10px;}.elementor-283 .elementor-element.elementor-element-b2cc782{--padding-top:0px;--padding-bottom:0px;--padding-left:0px;--padding-right:0px;}}@media(min-width:768px){.elementor-283 .elementor-element.elementor-element-63a18c8{--content-width:1240px;}.elementor-283 .elementor-element.elementor-element-b9e1586{--content-width:1240px;}}@media(max-width:767px){.elementor-283 .elementor-element.elementor-element-63a18c8{--padding-top:0px;--padding-bottom:0px;--padding-left:20px;--padding-right:20px;}.elementor-283 .elementor-element.elementor-element-80cf5b6{padding:0px 0px 0px 0px;}.elementor-283 .elementor-element.elementor-element-80cf5b6 .elementor-heading-title{font-size:30px;}.elementor-283 .elementor-element.elementor-element-b9e1586{--padding-top:50px;--padding-bottom:50px;--padding-left:15px;--padding-right:15px;}.elementor-283 .elementor-element.elementor-element-b2cc782{--padding-top:0px;--padding-bottom:0px;--padding-left:0px;--padding-right:0px;}.elementor-283 .elementor-element.elementor-element-d8c8eb0 .elementor-heading-title{font-size:25px;}.elementor-283 .elementor-element.elementor-element-e06f65a .elementor-icon-box-description{font-size:14px;}.elementor-283 .elementor-element.elementor-element-007ad3f .elementor-heading-title{font-size:25px;}.elementor-283 .elementor-element.elementor-element-cb0a7a8 .elementor-icon-box-description{font-size:14px;}.elementor-283 .elementor-element.elementor-element-80b06d5 .elementor-heading-title{font-size:25px;}.elementor-283 .elementor-element.elementor-element-95dd37b .elementor-icon-box-description{font-size:14px;}.elementor-283 .elementor-element.elementor-element-b62aecb .elementor-heading-title{font-size:25px;}.elementor-283 .elementor-element.elementor-element-bec3171 .elementor-icon-box-description{font-size:14px;}.elementor-283 .elementor-element.elementor-element-bcd6684 .elementor-heading-title{font-size:25px;}.elementor-283 .elementor-element.elementor-element-08b7d58 .elementor-icon-box-description{font-size:14px;}.elementor-283 .elementor-element.elementor-element-45318f0 .elementor-heading-title{font-size:25px;}.elementor-283 .elementor-element.elementor-element-d5e4449 .elementor-icon-box-description{font-size:14px;}.elementor-283 .elementor-element.elementor-element-1c8dd1b .elementor-heading-title{font-size:25px;}.elementor-283 .elementor-element.elementor-element-f845054 .elementor-icon-box-description{font-size:14px;}.elementor-283 .elementor-element.elementor-element-6b5f361 .elementor-heading-title{font-size:25px;}.elementor-283 .elementor-element.elementor-element-3ed5ce6 .elementor-icon-box-description{font-size:14px;}}<\/style>\t\t<div data-elementor-type=\"wp-page\" data-elementor-id=\"283\" class=\"elementor elementor-283\" data-elementor-post-type=\"page\">\n\t\t\t\t<div class=\"elementor-element elementor-element-63a18c8 e-flex e-con-boxed e-con e-parent\" data-id=\"63a18c8\" data-element_type=\"container\">\n\t\t\t\t\t<div class=\"e-con-inner\">\n\t\t\t\t\t<\/div>\n\t\t\t\t<\/div>\n\t\t<div class=\"elementor-element elementor-element-b9e1586 e-flex e-con-boxed e-con e-parent\" data-id=\"b9e1586\" data-element_type=\"container\" data-settings=\"{&quot;background_background&quot;:&quot;classic&quot;}\">\n\t\t\t\t\t<div class=\"e-con-inner\">\n\t\t<div class=\"elementor-element elementor-element-b2cc782 e-con-full e-flex e-con e-child\" data-id=\"b2cc782\" data-element_type=\"container\">\n\t\t\t\t<div class=\"elementor-element elementor-element-d8c8eb0 elementor-widget elementor-widget-heading\" data-id=\"d8c8eb0\" data-element_type=\"widget\" data-widget_type=\"heading.default\">\n\t\t\t\t\t<h2 class=\"elementor-heading-title elementor-size-default\">Nome dell\u2019azienda.<\/h2>\t\t\t\t<\/div>\n\t\t\t\t<div class=\"elementor-element elementor-element-e06f65a elementor-widget elementor-widget-icon-box\" data-id=\"e06f65a\" data-element_type=\"widget\" data-widget_type=\"icon-box.default\">\n\t\t\t\t\t\t\t<div class=\"elementor-icon-box-wrapper\">\n\n\t\t\t\n\t\t\t\t\t\t<div class=\"elementor-icon-box-content\">\n\n\t\t\t\t\n\t\t\t\t\t\t\t\t\t<p class=\"elementor-icon-box-description\">\n\t\t\t\t\t\tFOREST CARGO Societ\u00e0 commerciale e di servizi a responsabilit\u00e0 limitata.\t\t\t\t\t<\/p>\n\t\t\t\t\n\t\t\t<\/div>\n\t\t\t\n\t\t<\/div>\n\t\t\t\t\t\t<\/div>\n\t\t\t\t<div class=\"elementor-element elementor-element-007ad3f elementor-widget elementor-widget-heading\" data-id=\"007ad3f\" data-element_type=\"widget\" data-widget_type=\"heading.default\">\n\t\t\t\t\t<h2 class=\"elementor-heading-title elementor-size-default\">Nome abbreviato<\/h2>\t\t\t\t<\/div>\n\t\t\t\t<div class=\"elementor-element elementor-element-cb0a7a8 elementor-widget elementor-widget-icon-box\" data-id=\"cb0a7a8\" data-element_type=\"widget\" data-widget_type=\"icon-box.default\">\n\t\t\t\t\t\t\t<div class=\"elementor-icon-box-wrapper\">\n\n\t\t\t\n\t\t\t\t\t\t<div class=\"elementor-icon-box-content\">\n\n\t\t\t\t\n\t\t\t\t\t\t\t\t\t<p class=\"elementor-icon-box-description\">\n\t\t\t\t\t\tFOREST CARGO Kft\t\t\t\t\t<\/p>\n\t\t\t\t\n\t\t\t<\/div>\n\t\t\t\n\t\t<\/div>\n\t\t\t\t\t\t<\/div>\n\t\t\t\t<div class=\"elementor-element elementor-element-80b06d5 elementor-widget elementor-widget-heading\" data-id=\"80b06d5\" data-element_type=\"widget\" data-widget_type=\"heading.default\">\n\t\t\t\t\t<h2 class=\"elementor-heading-title elementor-size-default\">Sede<\/h2>\t\t\t\t<\/div>\n\t\t\t\t<div class=\"elementor-element elementor-element-95dd37b elementor-widget elementor-widget-icon-box\" data-id=\"95dd37b\" data-element_type=\"widget\" data-widget_type=\"icon-box.default\">\n\t\t\t\t\t\t\t<div class=\"elementor-icon-box-wrapper\">\n\n\t\t\t\n\t\t\t\t\t\t<div class=\"elementor-icon-box-content\">\n\n\t\t\t\t\n\t\t\t\t\t\t\t\t\t<p class=\"elementor-icon-box-description\">\n\t\t\t\t\t\t1225 Budapest, Nagyt\u00e9t\u00e9nyi \u00fat 242. 7. em. 46.\t\t\t\t\t<\/p>\n\t\t\t\t\n\t\t\t<\/div>\n\t\t\t\n\t\t<\/div>\n\t\t\t\t\t\t<\/div>\n\t\t\t\t<div class=\"elementor-element elementor-element-b62aecb elementor-widget elementor-widget-heading\" data-id=\"b62aecb\" data-element_type=\"widget\" data-widget_type=\"heading.default\">\n\t\t\t\t\t<h2 class=\"elementor-heading-title elementor-size-default\">Paese<\/h2>\t\t\t\t<\/div>\n\t\t\t\t<div class=\"elementor-element elementor-element-bec3171 elementor-widget elementor-widget-icon-box\" data-id=\"bec3171\" data-element_type=\"widget\" data-widget_type=\"icon-box.default\">\n\t\t\t\t\t\t\t<div class=\"elementor-icon-box-wrapper\">\n\n\t\t\t\n\t\t\t\t\t\t<div class=\"elementor-icon-box-content\">\n\n\t\t\t\t\n\t\t\t\t\t\t\t\t\t<p class=\"elementor-icon-box-description\">\n\t\t\t\t\t\tUngheria\t\t\t\t\t<\/p>\n\t\t\t\t\n\t\t\t<\/div>\n\t\t\t\n\t\t<\/div>\n\t\t\t\t\t\t<\/div>\n\t\t\t\t<div class=\"elementor-element elementor-element-bcd6684 elementor-widget elementor-widget-heading\" data-id=\"bcd6684\" data-element_type=\"widget\" data-widget_type=\"heading.default\">\n\t\t\t\t\t<h2 class=\"elementor-heading-title elementor-size-default\">Numero di iscrizione al registro delle imprese<\/h2>\t\t\t\t<\/div>\n\t\t\t\t<div class=\"elementor-element elementor-element-08b7d58 elementor-widget elementor-widget-icon-box\" data-id=\"08b7d58\" data-element_type=\"widget\" data-widget_type=\"icon-box.default\">\n\t\t\t\t\t\t\t<div class=\"elementor-icon-box-wrapper\">\n\n\t\t\t\n\t\t\t\t\t\t<div class=\"elementor-icon-box-content\">\n\n\t\t\t\t\n\t\t\t\t\t\t\t\t\t<p class=\"elementor-icon-box-description\">\n\t\t\t\t\t\t01 09 916570\t\t\t\t\t<\/p>\n\t\t\t\t\n\t\t\t<\/div>\n\t\t\t\n\t\t<\/div>\n\t\t\t\t\t\t<\/div>\n\t\t\t\t<div class=\"elementor-element elementor-element-45318f0 elementor-widget elementor-widget-heading\" data-id=\"45318f0\" data-element_type=\"widget\" data-widget_type=\"heading.default\">\n\t\t\t\t\t<h2 class=\"elementor-heading-title elementor-size-default\">Numero di partita IVA<\/h2>\t\t\t\t<\/div>\n\t\t\t\t<div class=\"elementor-element elementor-element-d5e4449 elementor-widget elementor-widget-icon-box\" data-id=\"d5e4449\" data-element_type=\"widget\" data-widget_type=\"icon-box.default\">\n\t\t\t\t\t\t\t<div class=\"elementor-icon-box-wrapper\">\n\n\t\t\t\n\t\t\t\t\t\t<div class=\"elementor-icon-box-content\">\n\n\t\t\t\t\n\t\t\t\t\t\t\t\t\t<p class=\"elementor-icon-box-description\">\n\t\t\t\t\t\t14717204-2-43\t\t\t\t\t<\/p>\n\t\t\t\t\n\t\t\t<\/div>\n\t\t\t\n\t\t<\/div>\n\t\t\t\t\t\t<\/div>\n\t\t\t\t<div class=\"elementor-element elementor-element-1c8dd1b elementor-widget elementor-widget-heading\" data-id=\"1c8dd1b\" data-element_type=\"widget\" data-widget_type=\"heading.default\">\n\t\t\t\t\t<h2 class=\"elementor-heading-title elementor-size-default\">Attivit\u00e0 principale<\/h2>\t\t\t\t<\/div>\n\t\t\t\t<div class=\"elementor-element elementor-element-f845054 elementor-widget elementor-widget-icon-box\" data-id=\"f845054\" data-element_type=\"widget\" data-widget_type=\"icon-box.default\">\n\t\t\t\t\t\t\t<div class=\"elementor-icon-box-wrapper\">\n\n\t\t\t\n\t\t\t\t\t\t<div class=\"elementor-icon-box-content\">\n\n\t\t\t\t\n\t\t\t\t\t\t\t\t\t<p class=\"elementor-icon-box-description\">\n\t\t\t\t\t\t4613 \u2013 Fa-, \u00e9p\u00edt\u00e9si anyag \u00fcgyn\u00f6ki nagykereskedelme\t\t\t\t\t<\/p>\n\t\t\t\t\n\t\t\t<\/div>\n\t\t\t\n\t\t<\/div>\n\t\t\t\t\t\t<\/div>\n\t\t\t\t<div class=\"elementor-element elementor-element-6b5f361 elementor-widget elementor-widget-heading\" data-id=\"6b5f361\" data-element_type=\"widget\" data-widget_type=\"heading.default\">\n\t\t\t\t\t<h2 class=\"elementor-heading-title elementor-size-default\">Data di fondazione<\/h2>\t\t\t\t<\/div>\n\t\t\t\t<div class=\"elementor-element elementor-element-3ed5ce6 elementor-widget elementor-widget-icon-box\" data-id=\"3ed5ce6\" data-element_type=\"widget\" data-widget_type=\"icon-box.default\">\n\t\t\t\t\t\t\t<div class=\"elementor-icon-box-wrapper\">\n\n\t\t\t\n\t\t\t\t\t\t<div class=\"elementor-icon-box-content\">\n\n\t\t\t\t\n\t\t\t\t\t\t\t\t\t<p class=\"elementor-icon-box-description\">\n\t\t\t\t\t\t2009.03.23\t\t\t\t\t<\/p>\n\t\t\t\t\n\t\t\t<\/div>\n\t\t\t\n\t\t<\/div>\n\t\t\t\t\t\t<\/div>\n\t\t\t\t<\/div>\n\t\t\t\t\t<\/div>\n\t\t\t\t<\/div>\n\t\t\t\t<\/div>","protected":false},"excerpt":{"rendered":"<p>C\u00e9gn\u00e9v FOREST CARGO Kereskedelmi \u00e9s Szolg\u00e1ltat\u00f3 Korl\u00e1tolt Felel\u0151ss\u00e9g\u0171 T\u00e1rsas\u00e1g. R\u00f6vid\u00edtett n\u00e9v FOREST CARGO Kft. Sz\u00e9khely 1225 Budapest, Nagyt\u00e9t\u00e9nyi \u00fat 242. [&hellip;]<\/p>","protected":false},"author":1,"featured_media":0,"parent":0,"menu_order":0,"comment_status":"closed","ping_status":"closed","template":"","meta":{"site-sidebar-layout":"no-sidebar","site-content-layout":"","ast-site-content-layout":"full-width-container","site-content-style":"default","site-sidebar-style":"default","ast-global-header-display":"","ast-banner-title-visibility":"","ast-main-header-display":"","ast-hfb-above-header-display":"","ast-hfb-below-header-display":"","ast-hfb-mobile-header-display":"","site-post-title":"disabled","ast-breadcrumbs-content":"","ast-featured-img":"disabled","footer-sml-layout":"","theme-transparent-header-meta":"default","adv-header-id-meta":"","stick-header-meta":"","header-above-stick-meta":"","header-main-stick-meta":"","header-below-stick-meta":"","astra-migrate-meta-layouts":"set","ast-page-background-enabled":"default","ast-page-background-meta":{"desktop":{"background-color":"var(--ast-global-color-5)","background-image":"","background-repeat":"repeat","background-position":"center center","background-size":"auto","background-attachment":"scroll","background-type":"","background-media":"","overlay-type":"","overlay-color":"","overlay-opacity":"","overlay-gradient":""},"tablet":{"background-color":"","background-image":"","background-repeat":"repeat","background-position":"center center","background-size":"auto","background-attachment":"scroll","background-type":"","background-media":"","overlay-type":"","overlay-color":"","overlay-opacity":"","overlay-gradient":""},"mobile":{"background-color":"","background-image":"","background-repeat":"repeat","background-position":"center center","background-size":"auto","background-attachment":"scroll","background-type":"","background-media":"","overlay-type":"","overlay-color":"","overlay-opacity":"","overlay-gradient":""}},"ast-content-background-meta":{"desktop":{"background-color":"var(--ast-global-color-4)","background-image":"","background-repeat":"repeat","background-position":"center center","background-size":"auto","background-attachment":"scroll","background-type":"","background-media":"","overlay-type":"","overlay-color":"","overlay-opacity":"","overlay-gradient":""},"tablet":{"background-color":"var(--ast-global-color-4)","background-image":"","background-repeat":"repeat","background-position":"center center","background-size":"auto","background-attachment":"scroll","background-type":"","background-media":"","overlay-type":"","overlay-color":"","overlay-opacity":"","overlay-gradient":""},"mobile":{"background-color":"var(--ast-global-color-4)","background-image":"","background-repeat":"repeat","background-position":"center center","background-size":"auto","background-attachment":"scroll","background-type":"","background-media":"","overlay-type":"","overlay-color":"","overlay-opacity":"","overlay-gradient":""}},"footnotes":""},"class_list":["post-283","page","type-page","status-publish","hentry"],"_links":{"self":[{"href":"https:\/\/forest-cargo.codnize.com\/it\/wp-json\/wp\/v2\/pages\/283","targetHints":{"allow":["GET"]}}],"collection":[{"href":"https:\/\/forest-cargo.codnize.com\/it\/wp-json\/wp\/v2\/pages"}],"about":[{"href":"https:\/\/forest-cargo.codnize.com\/it\/wp-json\/wp\/v2\/types\/page"}],"author":[{"embeddable":true,"href":"https:\/\/forest-cargo.codnize.com\/it\/wp-json\/wp\/v2\/users\/1"}],"replies":[{"embeddable":true,"href":"https:\/\/forest-cargo.codnize.com\/it\/wp-json\/wp\/v2\/comments?post=283"}],"version-history":[{"count":34,"href":"https:\/\/forest-cargo.codnize.com\/it\/wp-json\/wp\/v2\/pages\/283\/revisions"}],"predecessor-version":[{"id":422,"href":"https:\/\/forest-cargo.codnize.com\/it\/wp-json\/wp\/v2\/pages\/283\/revisions\/422"}],"wp:attachment":[{"href":"https:\/\/forest-cargo.codnize.com\/it\/wp-json\/wp\/v2\/media?parent=283"}],"curies":[{"name":"wp","href":"https:\/\/api.w.org\/{rel}","templated":true}]}}